{"id":97,"date":"2017-12-11T13:49:34","date_gmt":"2017-12-11T11:49:34","guid":{"rendered":"http:\/\/www.spareis.ee\/?page_id=97"},"modified":"2023-07-06T19:48:59","modified_gmt":"2023-07-06T17:48:59","slug":"erilaisia-retkia-parnussa","status":"publish","type":"page","link":"https:\/\/www.spareis.ee\/fi\/retket\/erilaisia-retkia-parnussa\/","title":{"rendered":"Erilaisia retki\u00e4 P\u00e4rnussa"},"content":{"rendered":"<section class=\"wpb-content-wrapper\"><p>[vc_row][vc_column][vc_column_text]<\/p>\n<h3><strong>Reipas sauva-k\u00e4velyretki<\/strong><\/h3>\n<p><strong>\u00a0<\/strong><strong>Tilaukset:<\/strong>\u00a0<a href=\"mailto:info@spareis.ee\">info@spareis.ee<\/a>[\/vc_column_text][vc_row_inner][vc_column_inner width=&#8221;2\/6&#8243;][vc_single_image image=&#8221;67&#8243; img_size=&#8221;300&#215;224&#8243;][\/vc_column_inner][vc_column_inner width=&#8221;4\/6&#8243;][vc_column_text]P\u00e4rnun kaupunki huolehtii omien asukkaittensa ja my\u00f6s vieraidensa terveydest\u00e4. T\u00e4ll\u00e4 kiinnostavalla k\u00e4velyretkell\u00e4 tutustumme Viron kes\u00e4p\u00e4\u00e4kaupunkiin v\u00e4h\u00e4n uuteen tapaan \u2013 sauvak\u00e4velyll\u00e4.\u00a0 P\u00e4rnussa on lukuisia varjoisia puistoja ja arvokkaitten vanhojen puiden reunustamia kujia, joilla on mukava jaloitella, nauttia kaupungin luonnosta ja tutustua samalla P\u00e4rnun n\u00e4ht\u00e4vyyksiin: Vallik\u00e4\u00e4r, <a href=\"https:\/\/www.visitestonia.com\/fi\/tallinnan-portti\">Tallinnan portti<\/a>, <a href=\"https:\/\/www.visitestonia.com\/fi\/ammende-villa\">Ammenden huvila<\/a>, <a href=\"https:\/\/www.visitestonia.com\/fi\/parnun-kuursaal\">Kuursaal<\/a>, <a href=\"https:\/\/www.visitestonia.com\/fi\/parnun-mutakylpyla\">Mudaravila<\/a>. N\u00e4emme monia nykyaikaisia P\u00e4rnun kylpyl\u00f6it\u00e4. K\u00e4ymme katsomassa P\u00e4rnun upeaa <a href=\"https:\/\/www.visitestonia.com\/fi\/parnun-ranta\">hiekkarantaa<\/a> ja kuljemme l\u00e4pi vehmaan <a href=\"https:\/\/www.visitestonia.com\/fi\/parnun-rantapuisto\">rantapuiston<\/a>. Huom! Tule retkelle omilla k\u00e4velysauvoilla.[\/vc_column_text][\/vc_column_inner][\/vc_row_inner][vc_separator][\/vc_column][\/vc_row][vc_row][vc_column][vc_column_text]<\/p>\n<h3><strong>Polkupy\u00f6r\u00e4-retki<\/strong><\/h3>\n<p><strong>Tilaukset: <a href=\"mailto:info@spareis.ee\">info@spareis.ee<\/a> .<\/strong>\u00a0P\u00e4rnussa on kes\u00e4isin <a href=\"http:\/\/www.bicyclerentalparnu.eu\/\">polkupy\u00f6r\u00e4-vuokraus<\/a>[\/vc_column_text][vc_row_inner][vc_column_inner width=&#8221;2\/6&#8243;][vc_single_image image=&#8221;68&#8243; img_size=&#8221;200&#215;276&#8243;][\/vc_column_inner][vc_column_inner width=&#8221;4\/6&#8243;][vc_column_text]Koe P\u00e4rnun hansakaupunki py\u00f6r\u00e4illen, niin n\u00e4et enemm\u00e4n kuin jalkaisin tai bussilla! P\u00e4rnun kaupunkialueella on rakennettu viime vuosien aikoina runsaasti kevyen liikenteen v\u00e4yli\u00e4 \u2013 yhteens\u00e4 l\u00e4hes 40 kilometri\u00e4. Py\u00f6r\u00e4retkell\u00e4 tutustumme l\u00e4hinn\u00e4 P\u00e4rnun keskustaan ja ranta-alueen n\u00e4ht\u00e4vyyksiin: Vallik\u00e4\u00e4r, <a href=\"https:\/\/www.visitestonia.com\/fi\/tallinnan-portti\">Tallinnan portti<\/a>, <a href=\"https:\/\/www.visitestonia.com\/fi\/ammenden-villa\">Ammenden huvila<\/a>, <a href=\"https:\/\/www.visitestonia.com\/fi\/parnun-kuursaal\">Kuursaal<\/a> ja historiallinen <a href=\"https:\/\/www.visitestonia.com\/fi\/parnun-mutakylpyla\">vesi-mutahoitola,<\/a> funkistyylinen Rannahotell ja <a href=\"https:\/\/www.visitestonia.com\/fi\/parnu-rannahoone\">Rannahoone,<\/a> kylpyl\u00e4hotellit ja kauniit <a href=\"https:\/\/www.visitestonia.com\/fi\/parnun-rantapuisto\">puistot<\/a>.\u00a0 Ajamme rantojen suuntaisesti pitkin py\u00f6r\u00e4teit\u00e4 <a href=\"https:\/\/www.visitestonia.com\/fi\/parnun-rantaniityn-vaellusreitti\">rantaniittyjen suojelualueille<\/a> saakka. Halukkaat voivat kiivet\u00e4 n\u00e4k\u00f6torniin ja ihailla sielt\u00e4 P\u00e4rnun ranta-alueelle avautuvaa n\u00e4kym\u00e4\u00e4 tai tehd\u00e4 tuttavuutta \u201c<a href=\"https:\/\/www.visitestonia.com\/fi\/parnun-rantaniityn-nakotornit-ja-kaupunkilehmat\">kaupunkilaislehmiin<\/a>\u201d, joita on tuotu siivoamaan rantaa kaislikosta. Takaisin keskustaan suuntaamme pitkin vanhojen puuhuviloiden reunustamia katuja.\u00a0 N\u00e4emme Koidulan patsaan kauniissa ruusupuistossa sek\u00e4 vanhan <a href=\"https:\/\/www.visitestonia.com\/fi\/parnun-ortodoksinen-katariinan-kirkko\">ven\u00e4l\u00e4istyylisen P\u00e4rnun ortodoksikirkon<\/a>. Kuljemme pienen p\u00e4tk\u00e4n ns.\u201e<a href=\"https:\/\/www.visitestonia.com\/fi\/parnun-joen-vasemman-rannan-kuntopolku-eli-jaansonin-polku\">Jaansonin rajalla<\/a>\u201c.\u00a0 Se on joen kummallakin puolella kahden sillan v\u00e4lisell\u00e4 alueella oleva kevyen liikenteen v\u00e4yl\u00e4 lepoalueineen.[\/vc_column_text][\/vc_column_inner][\/vc_row_inner][vc_separator][\/vc_column][\/vc_row][vc_row][vc_column][vc_column_text]<\/p>\n<h3><strong>Retki P\u00e4rnun museoon n. 1 tunti<\/strong><\/h3>\n<p><strong>Tilaukset:<\/strong>\u00a0<a href=\"mailto:info@spareis.ee\">info@spareis.ee<\/a>[\/vc_column_text][vc_row_inner][vc_column_inner width=&#8221;2\/6&#8243;][vc_single_image image=&#8221;69&#8243; img_size=&#8221;300&#215;199&#8243;][\/vc_column_inner][vc_column_inner width=&#8221;4\/6&#8243;][vc_column_text]Tule tutustumaan oppaan johdolla <a href=\"http:\/\/www.parnumuuseum.ee\/en\">P\u00e4rnun museon<\/a> mielenkiintoiseen n\u00e4yttelyyn, jossa n\u00e4hd\u00e4\u00e4n historian muistoja kivikaudesta nykyp\u00e4iv\u00e4\u00e4n asti. Esill\u00e4 on pysyv\u00e4 n\u00e4yttely \u201c11000 vuotta historiaa \u2013 El\u00e4myksi\u00e4 menneilt\u00e4 ajoilta\u201d. Kierroksen varrella tutustumme Viron vanhimman asutun paikan Pullin el\u00e4m\u00e4\u00e4n ja oloihin, kivikauden eri ajanjaksoihin ja my\u00f6s hieman pronssi- ja rauta-aikaan. Keskiajan ja barokin ajan saleja koristavat ajalle tyypilliset pienoismallit. Osa n\u00e4yttelyst\u00e4 on pyhitetty kansallisen her\u00e4\u00e4misen ajalle, jolloin Viro julistettiin tasavallaksi\u00a0 P\u00e4rnussa 23. helmikuuta 1918. Kylpyl\u00e4\u00e4 n\u00e4yttelyss\u00e4 edustaa\u00a0 luonnollisen kokoinen\u00a0<i>supelvanker\u00a0<\/i>eli liikuteltava uimakoppi \u00a0ja historialliset valokuvat. N\u00e4yttelyvieras voi astua\u00a0 Siperian massakarkotuksen kuljetusvaunuun \u00a0ja tutustua esineisiin, joita valmistettiin P\u00e4rnussa Viron Neuvostotasavallan aikana. Toiveen mukaan opastettu kierros voidaan j\u00e4rjest\u00e4\u00e4 painottaen jotain tietty\u00e4 historian aikakautta.[\/vc_column_text][\/vc_column_inner][\/vc_row_inner][vc_separator][\/vc_column][\/vc_row]<\/p>\n<\/section>","protected":false},"excerpt":{"rendered":"<p>[vc_row][vc_column][vc_column_text] Reipas sauva-k\u00e4velyretki \u00a0Tilaukset:\u00a0info@spareis.ee[\/vc_column_text][vc_row_inner][vc_column_inner width=&#8221;2\/6&#8243;][vc_single_image image=&#8221;67&#8243; img_size=&#8221;300&#215;224&#8243;][\/vc_column_inner][vc_column_inner width=&#8221;4\/6&#8243;][vc_column_text]P\u00e4rnun kaupunki huolehtii omien asukkaittensa ja my\u00f6s vieraidensa terveydest\u00e4. T\u00e4ll\u00e4 kiinnostavalla k\u00e4velyretkell\u00e4 tutustumme Viron kes\u00e4p\u00e4\u00e4kaupunkiin v\u00e4h\u00e4n uuteen tapaan \u2013 sauvak\u00e4velyll\u00e4.\u00a0 P\u00e4rnussa on lukuisia varjoisia puistoja ja arvokkaitten vanhojen puiden reunustamia kujia, joilla on mukava jaloitella, nauttia kaupungin luonnosta ja tutustua samalla P\u00e4rnun n\u00e4ht\u00e4vyyksiin: Vallik\u00e4\u00e4r, Tallinnan portti, Ammenden huvila, [&hellip;]<\/p>\n","protected":false},"author":1,"featured_media":0,"parent":84,"menu_order":0,"comment_status":"closed","ping_status":"closed","template":"","meta":{"_mi_skip_tracking":false,"_monsterinsights_sitenote_active":false,"_monsterinsights_sitenote_note":"","_monsterinsights_sitenote_category":0,"footnotes":""},"yoast_head":"<!-- This site is optimized with the Yoast SEO plugin v21.5 - https:\/\/yoast.com\/wordpress\/plugins\/seo\/ -->\n<title>Erilaisia retki\u00e4 P\u00e4rnussa - SpaReis O\u00dc<\/title>\n<meta name=\"robots\" content=\"index, follow, max-snippet:-1, max-image-preview:large, max-video-preview:-1\" \/>\n<link rel=\"canonical\" href=\"https:\/\/www.spareis.ee\/fi\/retket\/erilaisia-retkia-parnussa\/\" \/>\n<meta property=\"og:locale\" content=\"fi_FI\" \/>\n<meta property=\"og:type\" content=\"article\" \/>\n<meta property=\"og:title\" content=\"Erilaisia retki\u00e4 P\u00e4rnussa - SpaReis O\u00dc\" \/>\n<meta property=\"og:description\" content=\"[vc_row][vc_column][vc_column_text] Reipas sauva-k\u00e4velyretki \u00a0Tilaukset:\u00a0info@spareis.ee[\/vc_column_text][vc_row_inner][vc_column_inner width=&#8221;2\/6&#8243;][vc_single_image image=&#8221;67&#8243; img_size=&#8221;300&#215;224&#8243;][\/vc_column_inner][vc_column_inner width=&#8221;4\/6&#8243;][vc_column_text]P\u00e4rnun kaupunki huolehtii omien asukkaittensa ja my\u00f6s vieraidensa terveydest\u00e4. T\u00e4ll\u00e4 kiinnostavalla k\u00e4velyretkell\u00e4 tutustumme Viron kes\u00e4p\u00e4\u00e4kaupunkiin v\u00e4h\u00e4n uuteen tapaan \u2013 sauvak\u00e4velyll\u00e4.\u00a0 P\u00e4rnussa on lukuisia varjoisia puistoja ja arvokkaitten vanhojen puiden reunustamia kujia, joilla on mukava jaloitella, nauttia kaupungin luonnosta ja tutustua samalla P\u00e4rnun n\u00e4ht\u00e4vyyksiin: Vallik\u00e4\u00e4r, Tallinnan portti, Ammenden huvila, [&hellip;]\" \/>\n<meta property=\"og:url\" content=\"https:\/\/www.spareis.ee\/fi\/retket\/erilaisia-retkia-parnussa\/\" \/>\n<meta property=\"og:site_name\" content=\"SpaReis O\u00dc\" \/>\n<meta property=\"article:modified_time\" content=\"2023-07-06T17:48:59+00:00\" \/>\n<meta name=\"twitter:card\" content=\"summary_large_image\" \/>\n<meta name=\"twitter:label1\" content=\"Arvioitu lukuaika\" \/>\n\t<meta name=\"twitter:data1\" content=\"2 minuuttia\" \/>\n<script type=\"application\/ld+json\" class=\"yoast-schema-graph\">{\"@context\":\"https:\/\/schema.org\",\"@graph\":[{\"@type\":\"WebPage\",\"@id\":\"https:\/\/www.spareis.ee\/fi\/retket\/erilaisia-retkia-parnussa\/\",\"url\":\"https:\/\/www.spareis.ee\/fi\/retket\/erilaisia-retkia-parnussa\/\",\"name\":\"Erilaisia retki\u00e4 P\u00e4rnussa - SpaReis O\u00dc\",\"isPartOf\":{\"@id\":\"https:\/\/www.spareis.ee\/#website\"},\"datePublished\":\"2017-12-11T11:49:34+00:00\",\"dateModified\":\"2023-07-06T17:48:59+00:00\",\"breadcrumb\":{\"@id\":\"https:\/\/www.spareis.ee\/fi\/retket\/erilaisia-retkia-parnussa\/#breadcrumb\"},\"inLanguage\":\"fi\",\"potentialAction\":[{\"@type\":\"ReadAction\",\"target\":[\"https:\/\/www.spareis.ee\/fi\/retket\/erilaisia-retkia-parnussa\/\"]}]},{\"@type\":\"BreadcrumbList\",\"@id\":\"https:\/\/www.spareis.ee\/fi\/retket\/erilaisia-retkia-parnussa\/#breadcrumb\",\"itemListElement\":[{\"@type\":\"ListItem\",\"position\":1,\"name\":\"Home\",\"item\":\"https:\/\/www.spareis.ee\/fi\/\"},{\"@type\":\"ListItem\",\"position\":2,\"name\":\"Retket P\u00e4rnussa\",\"item\":\"https:\/\/www.spareis.ee\/fi\/retket\/\"},{\"@type\":\"ListItem\",\"position\":3,\"name\":\"Erilaisia retki\u00e4 P\u00e4rnussa\"}]},{\"@type\":\"WebSite\",\"@id\":\"https:\/\/www.spareis.ee\/#website\",\"url\":\"https:\/\/www.spareis.ee\/\",\"name\":\"SpaReis O\u00dc\",\"description\":\"SpaReis on P\u00e4rnu reisikorraldaja, mis viib l\u00e4bi ekskursioone peamiselt P\u00e4rnu linnas ja l\u00e4hi\u00fcmbruses. Meilt v\u00f5ib tellida transporti, majutust ja toitlustust.\",\"potentialAction\":[{\"@type\":\"SearchAction\",\"target\":{\"@type\":\"EntryPoint\",\"urlTemplate\":\"https:\/\/www.spareis.ee\/?s={search_term_string}\"},\"query-input\":\"required name=search_term_string\"}],\"inLanguage\":\"fi\"}]}<\/script>\n<!-- \/ Yoast SEO plugin. -->","yoast_head_json":{"title":"Erilaisia retki\u00e4 P\u00e4rnussa - SpaReis O\u00dc","robots":{"index":"index","follow":"follow","max-snippet":"max-snippet:-1","max-image-preview":"max-image-preview:large","max-video-preview":"max-video-preview:-1"},"canonical":"https:\/\/www.spareis.ee\/fi\/retket\/erilaisia-retkia-parnussa\/","og_locale":"fi_FI","og_type":"article","og_title":"Erilaisia retki\u00e4 P\u00e4rnussa - SpaReis O\u00dc","og_description":"[vc_row][vc_column][vc_column_text] Reipas sauva-k\u00e4velyretki \u00a0Tilaukset:\u00a0info@spareis.ee[\/vc_column_text][vc_row_inner][vc_column_inner width=&#8221;2\/6&#8243;][vc_single_image image=&#8221;67&#8243; img_size=&#8221;300&#215;224&#8243;][\/vc_column_inner][vc_column_inner width=&#8221;4\/6&#8243;][vc_column_text]P\u00e4rnun kaupunki huolehtii omien asukkaittensa ja my\u00f6s vieraidensa terveydest\u00e4. T\u00e4ll\u00e4 kiinnostavalla k\u00e4velyretkell\u00e4 tutustumme Viron kes\u00e4p\u00e4\u00e4kaupunkiin v\u00e4h\u00e4n uuteen tapaan \u2013 sauvak\u00e4velyll\u00e4.\u00a0 P\u00e4rnussa on lukuisia varjoisia puistoja ja arvokkaitten vanhojen puiden reunustamia kujia, joilla on mukava jaloitella, nauttia kaupungin luonnosta ja tutustua samalla P\u00e4rnun n\u00e4ht\u00e4vyyksiin: Vallik\u00e4\u00e4r, Tallinnan portti, Ammenden huvila, [&hellip;]","og_url":"https:\/\/www.spareis.ee\/fi\/retket\/erilaisia-retkia-parnussa\/","og_site_name":"SpaReis O\u00dc","article_modified_time":"2023-07-06T17:48:59+00:00","twitter_card":"summary_large_image","twitter_misc":{"Arvioitu lukuaika":"2 minuuttia"},"schema":{"@context":"https:\/\/schema.org","@graph":[{"@type":"WebPage","@id":"https:\/\/www.spareis.ee\/fi\/retket\/erilaisia-retkia-parnussa\/","url":"https:\/\/www.spareis.ee\/fi\/retket\/erilaisia-retkia-parnussa\/","name":"Erilaisia retki\u00e4 P\u00e4rnussa - SpaReis O\u00dc","isPartOf":{"@id":"https:\/\/www.spareis.ee\/#website"},"datePublished":"2017-12-11T11:49:34+00:00","dateModified":"2023-07-06T17:48:59+00:00","breadcrumb":{"@id":"https:\/\/www.spareis.ee\/fi\/retket\/erilaisia-retkia-parnussa\/#breadcrumb"},"inLanguage":"fi","potentialAction":[{"@type":"ReadAction","target":["https:\/\/www.spareis.ee\/fi\/retket\/erilaisia-retkia-parnussa\/"]}]},{"@type":"BreadcrumbList","@id":"https:\/\/www.spareis.ee\/fi\/retket\/erilaisia-retkia-parnussa\/#breadcrumb","itemListElement":[{"@type":"ListItem","position":1,"name":"Home","item":"https:\/\/www.spareis.ee\/fi\/"},{"@type":"ListItem","position":2,"name":"Retket P\u00e4rnussa","item":"https:\/\/www.spareis.ee\/fi\/retket\/"},{"@type":"ListItem","position":3,"name":"Erilaisia retki\u00e4 P\u00e4rnussa"}]},{"@type":"WebSite","@id":"https:\/\/www.spareis.ee\/#website","url":"https:\/\/www.spareis.ee\/","name":"SpaReis O\u00dc","description":"SpaReis on P\u00e4rnu reisikorraldaja, mis viib l\u00e4bi ekskursioone peamiselt P\u00e4rnu linnas ja l\u00e4hi\u00fcmbruses. Meilt v\u00f5ib tellida transporti, majutust ja toitlustust.","potentialAction":[{"@type":"SearchAction","target":{"@type":"EntryPoint","urlTemplate":"https:\/\/www.spareis.ee\/?s={search_term_string}"},"query-input":"required name=search_term_string"}],"inLanguage":"fi"}]}},"_links":{"self":[{"href":"https:\/\/www.spareis.ee\/fi\/wp-json\/wp\/v2\/pages\/97"}],"collection":[{"href":"https:\/\/www.spareis.ee\/fi\/wp-json\/wp\/v2\/pages"}],"about":[{"href":"https:\/\/www.spareis.ee\/fi\/wp-json\/wp\/v2\/types\/page"}],"author":[{"embeddable":true,"href":"https:\/\/www.spareis.ee\/fi\/wp-json\/wp\/v2\/users\/1"}],"replies":[{"embeddable":true,"href":"https:\/\/www.spareis.ee\/fi\/wp-json\/wp\/v2\/comments?post=97"}],"version-history":[{"count":21,"href":"https:\/\/www.spareis.ee\/fi\/wp-json\/wp\/v2\/pages\/97\/revisions"}],"predecessor-version":[{"id":490,"href":"https:\/\/www.spareis.ee\/fi\/wp-json\/wp\/v2\/pages\/97\/revisions\/490"}],"up":[{"embeddable":true,"href":"https:\/\/www.spareis.ee\/fi\/wp-json\/wp\/v2\/pages\/84"}],"wp:attachment":[{"href":"https:\/\/www.spareis.ee\/fi\/wp-json\/wp\/v2\/media?parent=97"}],"curies":[{"name":"wp","href":"https:\/\/api.w.org\/{rel}","templated":true}]}}