{"id":93,"date":"2017-12-11T13:48:14","date_gmt":"2017-12-11T11:48:14","guid":{"rendered":"http:\/\/www.spareis.ee\/?page_id=93"},"modified":"2025-02-25T12:24:17","modified_gmt":"2025-02-25T10:24:17","slug":"retket-parnussa","status":"publish","type":"page","link":"https:\/\/www.spareis.ee\/fi\/retket\/retket-parnussa\/","title":{"rendered":"Retket P\u00e4rnun kaupungissa"},"content":{"rendered":"<section class=\"wpb-content-wrapper\"><p>[vc_row][vc_column][vc_column_text]<\/p>\n<h3><b>K\u00e4velykierros<\/b><b>\u00a0<\/b><b>P\u00e4rnun<\/b><b>\u00a0<\/b><b>vanhassa kaupungissa<\/b><b>\u00a0n. 1 tunti, n. 2 km<\/b><\/h3>\n<p><strong>Tilaukset<\/strong>: <a href=\"mailto:info@spareis.ee\">info@spareis.ee<\/a>[\/vc_column_text][vc_row_inner][vc_column_inner width=&#8221;2\/6&#8243;][vc_single_image image=&#8221;306&#8243; img_size=&#8221;200&#215;276&#8243; add_caption=&#8221;yes&#8221;][\/vc_column_inner][vc_column_inner width=&#8221;4\/6&#8243;][vc_column_text]Retket P\u00e4rnussa antavat monia vinkkej\u00e4, miten tutustua vieh\u00e4tt\u00e4v\u00e4\u00e4n kylpyl\u00e4-kaupunkiin. L\u00f6yd\u00e4 itsellesi sopiva! K\u00e4yd\u00e4\u00e4n k\u00e4velyll\u00e4 P\u00e4rnun vanhankaupungin alueella. P\u00e4rnu on perustettu jo v.1251, mutta kaupunki on k\u00e4rsinyt vuosisatojen aikana monissa taisteluissa ja tulipaloissa. Vanha keskusta on per\u00e4isin p\u00e4\u00e4asiassa 1600-1800-luvulta. R\u00fc\u00fctli-nimisen p\u00e4\u00e4kadun ja viereisen Kuninga-kadun varrella tutustumme vuosisatoja vanhaan v\u00e4rikk\u00e4\u00e4seen arkkitehtuuriin.\u00a0 N\u00e4hd\u00e4\u00e4n mm. P\u00e4rnun vanhin rakennus, keskiaikaisen kaupunginmuurin linnoitustorni, <a href=\"https:\/\/www.visitestonia.com\/fi\/punane-torn\">Punainen torni<\/a>, Ruotsin vallan aikaisen linnoituksen vallit, vallihauta sek\u00e4 Tallinnan portti, keskustan komeat barokkityyliset kirkot \u2013 luterilainen Elisabetin ja ortodoksinen Katariinan kirkko \u2013 sek\u00e4 kaunis Koidulan puisto ja Raatihuone.[\/vc_column_text][\/vc_column_inner][\/vc_row_inner][vc_separator][\/vc_column][\/vc_row][vc_row][vc_column][vc_column_text]<\/p>\n<h3><b>Kaupunki<\/b><b>kierros<\/b><b> n. 2 <\/b><b>tuntia<\/b><\/h3>\n<p><strong>Tilaukset<\/strong>: <a href=\"mailto:info@spareis.ee\">info@spareis.ee<\/a>[\/vc_column_text][vc_row_inner][vc_column_inner width=&#8221;2\/6&#8243;][vc_single_image image=&#8221;64&#8243; img_size=&#8221;300&#215;224&#8243; add_caption=&#8221;yes&#8221; onclick=&#8221;link_image&#8221;][\/vc_column_inner][vc_column_inner width=&#8221;4\/6&#8243;][vc_column_text]Katsellaan mukavasti bussin ikkunasta P\u00e4rnun t\u00e4rkeimm\u00e4t n\u00e4ht\u00e4vyydet ja kuullaan tarinoita kaupungin historiasta ja nykyp\u00e4iv\u00e4st\u00e4. Vanhankaupungin alueella n\u00e4hd\u00e4\u00e4n 1600-luvulta per\u00e4isin olevat Kuninga-kadun kauppiastalot, komeat barokkityyliset Elisabetin ja Katariinan kirkot, Raatihuone sek\u00e4 kaunis Koidulan puisto ja patsas. Ranta-alueen helmi\u00e4 ovat valkoinen hiekkaranta, lumoava <a href=\"https:\/\/www.visitestonia.com\/fi\/parnun-rantapuisto\">Rantapuisto<\/a>, jugend- ja funkkistyyliset talot sek\u00e4 kaupungin kuulut kylpyl\u00e4t. K\u00e4yd\u00e4\u00e4n bussilla keskustan ulkopuolella olevissa ostospaikoissa ja n\u00e4hd\u00e4\u00e4n my\u00f6s P\u00e4rnun teollisuusalueita ja asumal\u00e4hi\u00f6it\u00e4. Vieraillaan kaupungin suurimmassa ostoskeskuksessa nimelt\u00e4 <a href=\"http:\/\/www.kaubamajakas.ee\/fin\/etusivu\">Kaubamajakas<\/a>. Ostokset saa bussissa mukavasti kaupasta suoraan\u00a0hotellille.[\/vc_column_text][\/vc_column_inner][\/vc_row_inner][vc_separator][\/vc_column][\/vc_row][vc_row][vc_column][vc_column_text]<\/p>\n<h3><b>P\u00e4rnu kaupunkikierros<\/b><b>\u00a0<\/b><b>jalkaisin<\/b><b>\u00a0(<\/b><b>s\u00e4\u00e4n<\/b><b>\u00a0<\/b><b>salliessa<\/b><b>) ja\u00a0<\/b><b>bussilla<\/b><b>\u00a0n. 1,5\u00a0\u00a0<\/b><b>tuntia<\/b><\/h3>\n<p><b>Tilaukset:<\/b><a href=\"mailto:info@spareis.ee\">\u00a0info@spareis.ee<\/a>[\/vc_column_text][vc_row_inner][vc_column_inner width=&#8221;2\/6&#8243;][vc_single_image image=&#8221;307&#8243; img_size=&#8221;200&#215;276&#8243; add_caption=&#8221;yes&#8221; onclick=&#8221;link_image&#8221;][\/vc_column_inner][vc_column_inner width=&#8221;4\/6&#8243;][vc_column_text]Katsellaan mukavasti bussin ikkunasta P\u00e4rnun t\u00e4rkeimm\u00e4t n\u00e4ht\u00e4vyydet ja tutustutaan jalkaisin ydinkeskustaan, jonne ei bussilla p\u00e4\u00e4se. K\u00e4vell\u00e4\u00e4n P\u00e4rnun vanhankaupungin alueella ja tutustutaan vuosisatojen v\u00e4rikk\u00e4\u00e4seen arkkitehtuuriin R\u00fc\u00fctli- ja Kuninga-kadun varrella. N\u00e4hd\u00e4\u00e4n mm. nyky-P\u00e4rnun vanhin rakennus, keskiaikaisen kaupunginmuurin linnoitustorni, <a href=\"https:\/\/www.visitestonia.com\/fi\/punane-torn\">Punainen torni<\/a>, komeat barokkityyliset Elisabetin ja Katariinan kirkot ja Raatihuone.\u00a0 Bussimatkan varrelle j\u00e4\u00e4 my\u00f6s P\u00e4rnun lahden valkoinen hiekkaranta, vehre\u00e4 <a href=\"https:\/\/www.visitestonia.com\/fi\/parnun-rantapuisto\">Rantapuisto<\/a>, jugend- ja funkkistyyliset talot, kaupungin kuulut kylpyl\u00e4t, P\u00e4rnu- ja Sauga-joki, satama-alue ja kaupungin perustamispaikka Vana P\u00e4rnu.[\/vc_column_text][\/vc_column_inner][\/vc_row_inner][vc_separator][\/vc_column][\/vc_row][vc_row][vc_column][vc_column_text]<\/p>\n<h3><b>Kaupunkikierros<\/b><b>\u00a0ja entinen salahuvila Villa\u00a0<\/b><b>Andropoff<\/b><b>\u00a0n. 2\u00a0<\/b><b>tuntia<\/b><\/h3>\n<p><strong>Tilaukset:\u00a0<\/strong><b>\u00a0<\/b><a href=\"mailto:info@spareis.ee\">info@spareis.ee<\/a>[\/vc_column_text][vc_row_inner][vc_column_inner width=&#8221;2\/6&#8243;][vc_single_image image=&#8221;56&#8243; img_size=&#8221;300&#215;224&#8243; add_caption=&#8221;yes&#8221;][\/vc_column_inner][vc_column_inner width=&#8221;4\/6&#8243;][vc_column_text]Katsellaan mukavasti bussin ikkunasta P\u00e4rnun t\u00e4rkeimm\u00e4t n\u00e4ht\u00e4vyydet: 1600-luvulta per\u00e4isin olevat kauppiastalot Kuninga-kadulla, komeat barokkityyliset kirkot \u2013 luterilainen Elisabetin ja ortodoksinen Katariinan kirkko \u2013 kaunis Koidulan puisto ja patsas, Raatihuone, P\u00e4rnun lahden valkoinen hiekkaranta, vehre\u00e4 <a href=\"https:\/\/www.visitestonia.com\/fi\/parnun-rantapuisto\">Rantapuisto<\/a>, jugend- ja funkkistyyliset talot, kaupungin kuuluisat kylpyl\u00e4t, P\u00e4rnu- ja Sauga-joki, satama-alue ja kaupungin perustamispaikka Vana P\u00e4rnu. Tutustutaan my\u00f6s P\u00e4rnun l\u00e4hiymp\u00e4rist\u00f6\u00f6n: Audrun kauppala ja kartano sek\u00e4 Valgerannan neuvostoajan ministerien salahuvila <a href=\"http:\/\/www.andropoff.ee\/villa-andropofffin\">Villa Andropoff<\/a>, jonne poiketaan kakkukahveille (sis. hintaan).[\/vc_column_text][\/vc_column_inner][\/vc_row_inner][\/vc_column][\/vc_row]<\/p>\n<\/section>","protected":false},"excerpt":{"rendered":"<p>[vc_row][vc_column][vc_column_text] K\u00e4velykierros\u00a0P\u00e4rnun\u00a0vanhassa kaupungissa\u00a0n. 1 tunti, n. 2 km Tilaukset: info@spareis.ee[\/vc_column_text][vc_row_inner][vc_column_inner width=&#8221;2\/6&#8243;][vc_single_image image=&#8221;306&#8243; img_size=&#8221;200&#215;276&#8243; add_caption=&#8221;yes&#8221;][\/vc_column_inner][vc_column_inner width=&#8221;4\/6&#8243;][vc_column_text]Retket P\u00e4rnussa antavat monia vinkkej\u00e4, miten tutustua vieh\u00e4tt\u00e4v\u00e4\u00e4n kylpyl\u00e4-kaupunkiin. L\u00f6yd\u00e4 itsellesi sopiva! K\u00e4yd\u00e4\u00e4n k\u00e4velyll\u00e4 P\u00e4rnun vanhankaupungin alueella. P\u00e4rnu on perustettu jo v.1251, mutta kaupunki on k\u00e4rsinyt vuosisatojen aikana monissa taisteluissa ja tulipaloissa. Vanha keskusta on per\u00e4isin p\u00e4\u00e4asiassa 1600-1800-luvulta. R\u00fc\u00fctli-nimisen p\u00e4\u00e4kadun ja [&hellip;]<\/p>\n","protected":false},"author":1,"featured_media":0,"parent":84,"menu_order":0,"comment_status":"closed","ping_status":"closed","template":"","meta":{"_mi_skip_tracking":false,"_monsterinsights_sitenote_active":false,"_monsterinsights_sitenote_note":"","_monsterinsights_sitenote_category":0,"footnotes":""},"yoast_head":"<!-- This site is optimized with the Yoast SEO plugin v21.5 - https:\/\/yoast.com\/wordpress\/plugins\/seo\/ -->\n<title>Retket P\u00e4rnussa<\/title>\n<meta name=\"description\" content=\"Tutustuu P\u00e4rnu kylpyl\u00e4-kaupunkiin ja tilaa suomekileinen opas mukaan! L\u00f6yt\u00e4\u00e4 itselleesi sopiva P\u00e4rnun retki - joko bussilla tai k\u00e4velleen, py\u00f6r\u00e4ll\u00e4 tai venell\u00e4. Retket P\u00e4rnussa esitt\u00e4v\u00e4t -vanhakaupunki, hiekka-ranta, puisto-alueet, funkkis-talot, kylpyl\u00e4t, kahvilat, museo, konserttitalo, joki, meri, kirkot, satama\" \/>\n<meta name=\"robots\" content=\"index, follow, max-snippet:-1, max-image-preview:large, max-video-preview:-1\" \/>\n<link rel=\"canonical\" href=\"https:\/\/www.spareis.ee\/fi\/retket\/retket-parnussa\/\" \/>\n<meta property=\"og:locale\" content=\"fi_FI\" \/>\n<meta property=\"og:type\" content=\"article\" \/>\n<meta property=\"og:title\" content=\"Retket P\u00e4rnussa\" \/>\n<meta property=\"og:description\" content=\"Tutustuu P\u00e4rnu kylpyl\u00e4-kaupunkiin ja tilaa suomekileinen opas mukaan! L\u00f6yt\u00e4\u00e4 itselleesi sopiva P\u00e4rnun retki - joko bussilla tai k\u00e4velleen, py\u00f6r\u00e4ll\u00e4 tai venell\u00e4. Retket P\u00e4rnussa esitt\u00e4v\u00e4t -vanhakaupunki, hiekka-ranta, puisto-alueet, funkkis-talot, kylpyl\u00e4t, kahvilat, museo, konserttitalo, joki, meri, kirkot, satama\" \/>\n<meta property=\"og:url\" content=\"https:\/\/www.spareis.ee\/fi\/retket\/retket-parnussa\/\" \/>\n<meta property=\"og:site_name\" content=\"SpaReis O\u00dc\" \/>\n<meta property=\"article:modified_time\" content=\"2025-02-25T10:24:17+00:00\" \/>\n<meta name=\"twitter:card\" content=\"summary_large_image\" \/>\n<meta name=\"twitter:label1\" content=\"Arvioitu lukuaika\" \/>\n\t<meta name=\"twitter:data1\" content=\"2 minuuttia\" \/>\n<script type=\"application\/ld+json\" class=\"yoast-schema-graph\">{\"@context\":\"https:\/\/schema.org\",\"@graph\":[{\"@type\":\"WebPage\",\"@id\":\"https:\/\/www.spareis.ee\/fi\/retket\/retket-parnussa\/\",\"url\":\"https:\/\/www.spareis.ee\/fi\/retket\/retket-parnussa\/\",\"name\":\"Retket P\u00e4rnussa\",\"isPartOf\":{\"@id\":\"https:\/\/www.spareis.ee\/#website\"},\"datePublished\":\"2017-12-11T11:48:14+00:00\",\"dateModified\":\"2025-02-25T10:24:17+00:00\",\"description\":\"Tutustuu P\u00e4rnu kylpyl\u00e4-kaupunkiin ja tilaa suomekileinen opas mukaan! L\u00f6yt\u00e4\u00e4 itselleesi sopiva P\u00e4rnun retki - joko bussilla tai k\u00e4velleen, py\u00f6r\u00e4ll\u00e4 tai venell\u00e4. Retket P\u00e4rnussa esitt\u00e4v\u00e4t -vanhakaupunki, hiekka-ranta, puisto-alueet, funkkis-talot, kylpyl\u00e4t, kahvilat, museo, konserttitalo, joki, meri, kirkot, satama\",\"breadcrumb\":{\"@id\":\"https:\/\/www.spareis.ee\/fi\/retket\/retket-parnussa\/#breadcrumb\"},\"inLanguage\":\"fi\",\"potentialAction\":[{\"@type\":\"ReadAction\",\"target\":[\"https:\/\/www.spareis.ee\/fi\/retket\/retket-parnussa\/\"]}]},{\"@type\":\"BreadcrumbList\",\"@id\":\"https:\/\/www.spareis.ee\/fi\/retket\/retket-parnussa\/#breadcrumb\",\"itemListElement\":[{\"@type\":\"ListItem\",\"position\":1,\"name\":\"Home\",\"item\":\"https:\/\/www.spareis.ee\/fi\/\"},{\"@type\":\"ListItem\",\"position\":2,\"name\":\"Retket P\u00e4rnussa\",\"item\":\"https:\/\/www.spareis.ee\/fi\/retket\/\"},{\"@type\":\"ListItem\",\"position\":3,\"name\":\"Retket P\u00e4rnun kaupungissa\"}]},{\"@type\":\"WebSite\",\"@id\":\"https:\/\/www.spareis.ee\/#website\",\"url\":\"https:\/\/www.spareis.ee\/\",\"name\":\"SpaReis O\u00dc\",\"description\":\"SpaReis on P\u00e4rnu reisikorraldaja, mis viib l\u00e4bi ekskursioone peamiselt P\u00e4rnu linnas ja l\u00e4hi\u00fcmbruses. Meilt v\u00f5ib tellida transporti, majutust ja toitlustust.\",\"potentialAction\":[{\"@type\":\"SearchAction\",\"target\":{\"@type\":\"EntryPoint\",\"urlTemplate\":\"https:\/\/www.spareis.ee\/?s={search_term_string}\"},\"query-input\":\"required name=search_term_string\"}],\"inLanguage\":\"fi\"}]}<\/script>\n<!-- \/ Yoast SEO plugin. -->","yoast_head_json":{"title":"Retket P\u00e4rnussa","description":"Tutustuu P\u00e4rnu kylpyl\u00e4-kaupunkiin ja tilaa suomekileinen opas mukaan! L\u00f6yt\u00e4\u00e4 itselleesi sopiva P\u00e4rnun retki - joko bussilla tai k\u00e4velleen, py\u00f6r\u00e4ll\u00e4 tai venell\u00e4. Retket P\u00e4rnussa esitt\u00e4v\u00e4t -vanhakaupunki, hiekka-ranta, puisto-alueet, funkkis-talot, kylpyl\u00e4t, kahvilat, museo, konserttitalo, joki, meri, kirkot, satama","robots":{"index":"index","follow":"follow","max-snippet":"max-snippet:-1","max-image-preview":"max-image-preview:large","max-video-preview":"max-video-preview:-1"},"canonical":"https:\/\/www.spareis.ee\/fi\/retket\/retket-parnussa\/","og_locale":"fi_FI","og_type":"article","og_title":"Retket P\u00e4rnussa","og_description":"Tutustuu P\u00e4rnu kylpyl\u00e4-kaupunkiin ja tilaa suomekileinen opas mukaan! L\u00f6yt\u00e4\u00e4 itselleesi sopiva P\u00e4rnun retki - joko bussilla tai k\u00e4velleen, py\u00f6r\u00e4ll\u00e4 tai venell\u00e4. Retket P\u00e4rnussa esitt\u00e4v\u00e4t -vanhakaupunki, hiekka-ranta, puisto-alueet, funkkis-talot, kylpyl\u00e4t, kahvilat, museo, konserttitalo, joki, meri, kirkot, satama","og_url":"https:\/\/www.spareis.ee\/fi\/retket\/retket-parnussa\/","og_site_name":"SpaReis O\u00dc","article_modified_time":"2025-02-25T10:24:17+00:00","twitter_card":"summary_large_image","twitter_misc":{"Arvioitu lukuaika":"2 minuuttia"},"schema":{"@context":"https:\/\/schema.org","@graph":[{"@type":"WebPage","@id":"https:\/\/www.spareis.ee\/fi\/retket\/retket-parnussa\/","url":"https:\/\/www.spareis.ee\/fi\/retket\/retket-parnussa\/","name":"Retket P\u00e4rnussa","isPartOf":{"@id":"https:\/\/www.spareis.ee\/#website"},"datePublished":"2017-12-11T11:48:14+00:00","dateModified":"2025-02-25T10:24:17+00:00","description":"Tutustuu P\u00e4rnu kylpyl\u00e4-kaupunkiin ja tilaa suomekileinen opas mukaan! L\u00f6yt\u00e4\u00e4 itselleesi sopiva P\u00e4rnun retki - joko bussilla tai k\u00e4velleen, py\u00f6r\u00e4ll\u00e4 tai venell\u00e4. Retket P\u00e4rnussa esitt\u00e4v\u00e4t -vanhakaupunki, hiekka-ranta, puisto-alueet, funkkis-talot, kylpyl\u00e4t, kahvilat, museo, konserttitalo, joki, meri, kirkot, satama","breadcrumb":{"@id":"https:\/\/www.spareis.ee\/fi\/retket\/retket-parnussa\/#breadcrumb"},"inLanguage":"fi","potentialAction":[{"@type":"ReadAction","target":["https:\/\/www.spareis.ee\/fi\/retket\/retket-parnussa\/"]}]},{"@type":"BreadcrumbList","@id":"https:\/\/www.spareis.ee\/fi\/retket\/retket-parnussa\/#breadcrumb","itemListElement":[{"@type":"ListItem","position":1,"name":"Home","item":"https:\/\/www.spareis.ee\/fi\/"},{"@type":"ListItem","position":2,"name":"Retket P\u00e4rnussa","item":"https:\/\/www.spareis.ee\/fi\/retket\/"},{"@type":"ListItem","position":3,"name":"Retket P\u00e4rnun kaupungissa"}]},{"@type":"WebSite","@id":"https:\/\/www.spareis.ee\/#website","url":"https:\/\/www.spareis.ee\/","name":"SpaReis O\u00dc","description":"SpaReis on P\u00e4rnu reisikorraldaja, mis viib l\u00e4bi ekskursioone peamiselt P\u00e4rnu linnas ja l\u00e4hi\u00fcmbruses. Meilt v\u00f5ib tellida transporti, majutust ja toitlustust.","potentialAction":[{"@type":"SearchAction","target":{"@type":"EntryPoint","urlTemplate":"https:\/\/www.spareis.ee\/?s={search_term_string}"},"query-input":"required name=search_term_string"}],"inLanguage":"fi"}]}},"_links":{"self":[{"href":"https:\/\/www.spareis.ee\/fi\/wp-json\/wp\/v2\/pages\/93"}],"collection":[{"href":"https:\/\/www.spareis.ee\/fi\/wp-json\/wp\/v2\/pages"}],"about":[{"href":"https:\/\/www.spareis.ee\/fi\/wp-json\/wp\/v2\/types\/page"}],"author":[{"embeddable":true,"href":"https:\/\/www.spareis.ee\/fi\/wp-json\/wp\/v2\/users\/1"}],"replies":[{"embeddable":true,"href":"https:\/\/www.spareis.ee\/fi\/wp-json\/wp\/v2\/comments?post=93"}],"version-history":[{"count":43,"href":"https:\/\/www.spareis.ee\/fi\/wp-json\/wp\/v2\/pages\/93\/revisions"}],"predecessor-version":[{"id":501,"href":"https:\/\/www.spareis.ee\/fi\/wp-json\/wp\/v2\/pages\/93\/revisions\/501"}],"up":[{"embeddable":true,"href":"https:\/\/www.spareis.ee\/fi\/wp-json\/wp\/v2\/pages\/84"}],"wp:attachment":[{"href":"https:\/\/www.spareis.ee\/fi\/wp-json\/wp\/v2\/media?parent=93"}],"curies":[{"name":"wp","href":"https:\/\/api.w.org\/{rel}","templated":true}]}}