{"id":89,"date":"2017-12-11T13:46:44","date_gmt":"2017-12-11T11:46:44","guid":{"rendered":"http:\/\/www.spareis.ee\/?page_id=89"},"modified":"2025-02-25T12:35:13","modified_gmt":"2025-02-25T10:35:13","slug":"retkia-parnun-ulkopuolelle","status":"publish","type":"page","link":"https:\/\/www.spareis.ee\/fi\/retket\/retkia-parnun-ulkopuolelle\/","title":{"rendered":"Retki\u00e4 P\u00e4rnun ulkopuolelle"},"content":{"rendered":"<section class=\"wpb-content-wrapper\"><p>[vc_row][vc_column][vc_column_text]<\/p>\n<h3><b><a href=\"https:\/\/www.visitestonia.com\/fi\/object\/267985?preview=true&amp;objectId=267985\">Torin kyl\u00e4 ja siideritila<\/a> n. 3,5 tuntia<\/b><\/h3>\n<p>Kuljetukset alkaen P\u00e4rnusta, siideri maistiaiset, opas. <strong>Tilaukset:<\/strong>\u00a0<a href=\"mailto:info@spareis.ee\">info@spareis.ee<\/a>[\/vc_column_text][vc_row_inner][vc_column_inner width=&#8221;2\/6&#8243;][vc_single_image image=&#8221;249&#8243; img_size=&#8221;300&#215;224&#8243; add_caption=&#8221;yes&#8221;][\/vc_column_inner][vc_column_inner width=&#8221;4\/6&#8243;][vc_column_text]Retkemme kohteena on 27\u00a0 km p\u00e4\u00e4ss\u00e4 P\u00e4rnujoen rannalla sijaitseva Torin kyl\u00e4. Ajamme historiallisen tekstiilikaupungin Sindin kautta, jonka t\u00e4rkeimpi\u00e4 n\u00e4ht\u00e4vyyksi\u00e4 ovat 1800-luvulta per\u00e4isin olevat punatiiliset tehdasrakennukset. \u00a0Joen rantat\u00f6yr\u00e4\u00e4lle on l\u00e4hdevesi kaivertanut syvi\u00e4 kuoppia \u2013\u00a0<a href=\"https:\/\/www.visitestonia.com\/fi\/torin-porgu-torin-helvetti\"><em>Tori helvetti<\/em><\/a>, joihin liittyy paljon historiallisia muistoja.\u00a0 Torissa tutustumme viel\u00e4 <a href=\"https:\/\/www.visitestonia.com\/fi\/viron-sotilaiden-muistokirkko-torissa\">kirkkoon<\/a> ja vanhaan, kuuluisaan <a href=\"https:\/\/www.visitestonia.com\/fi\/torin-hevossiittola\">Torin hevoskasvatukseen<\/a>. Torista jatkamme eteenp\u00e4in kohti <a href=\"http:\/\/siidritalu.ee\/en\/\">Tori J\u00f5esuun Siideri- ja Viinitilaa<\/a>, miss\u00e4 katsotaan viiniryp\u00e4le- ja omenatarha sek\u00e4 maistellaan paikallista siideri\u00e4.[\/vc_column_text][\/vc_column_inner][\/vc_row_inner][vc_separator][\/vc_column][\/vc_row][vc_row][vc_column][vc_column_text]<\/p>\n<h3><b>\u00a0<\/b><b>P\u00e4rnun maakunnan helmet \u2013 T\u00f5stamaan kartano ja Villa Andropoff n. 5 tuntia<\/b><\/h3>\n<p>Kuljetus alkaen P\u00e4rnusta, opas, p\u00e4\u00e4syliput kartanoon, kahvipaussi.\u00a0<strong>Tilaukset: <\/strong><a href=\"mailto:info@spareis.ee\">info@spareis.ee<\/a>[\/vc_column_text][vc_row_inner][vc_column_inner width=&#8221;1\/2&#8243;][vc_single_image image=&#8221;314&#8243; img_size=&#8221;300&#215;224&#8243; add_caption=&#8221;yes&#8221;][\/vc_column_inner][vc_column_inner width=&#8221;1\/2&#8243;][vc_column_text]Retkemme kohdistuu P\u00e4rnun maakunnan l\u00e4nsiosaan, jolle on ominaista puhdas ja koskematon luonto ja vaihtelevat maisemat \u2013 merenrannat, mets\u00e4t, suot ja r\u00e4meet, rannikkokyl\u00e4t, vanhat kirkot ja kartanorakennukset. L\u00e4hdemme ajamaan kohti T\u00f5stamaan kartanoa (40 km). Kauniisti restauroitu <a href=\"https:\/\/www.visitestonia.com\/fi\/tostamaan-kartano\">T\u00f5stamaan kartano<\/a>, jolla on v\u00e4rik\u00e4s historia, on alueen huomattavimpia n\u00e4ht\u00e4vyyksi\u00e4. Kierroksen aikana tutustutaan kartanon historiaan ja tiloihin; erityisen hienoja ovat kartanon sein\u00e4- ja kattomaalaukset. Ajamme l\u00e4pi Audrun kauppalan, jossa n\u00e4emme vanhan kartanokeskuksen ja <a href=\"https:\/\/www.visitestonia.com\/fi\/audrun-pyhan-ristin-luterilainen-kirkko\">Audrun kirkon<\/a>. Audrun kauppalan ja Valgerannan v\u00e4linen tie kulkee<i>\u00a0<\/i>pitkin Viron ensimm\u00e4ist\u00e4 polderia.\u00a0 <a href=\"https:\/\/www.visitestonia.com\/fi\/audrun-pengerrysalue\">Audrun pato<\/a> perustettiin vuonna 1938 tulvien est\u00e4miseksi ja siit\u00e4 on muodostunut nyky\u00e4\u00e4n muuttolintujen lev\u00e4hdyspaikka. <a href=\"http:\/\/www.andropoff.ee\/?id=1452\">Villa Andropoff<\/a> on perustettu neuvostoaikana kommunistisen puolueen johtajien lomapaikaksi. Juomme kahvit mahtavassa p\u00e4\u00e4rakennuksessa punaisten tiilikaariholvien alla ravintolassa, josta on kaunis merin\u00e4k\u00f6ala. Jos s\u00e4\u00e4 suosii, k\u00e4ymme v\u00e4h\u00e4n jaloittelemassa puhtaalla, valkealla hiekkarannalla.[\/vc_column_text][\/vc_column_inner][\/vc_row_inner][vc_separator][\/vc_column][\/vc_row][vc_row][vc_column][vc_column_text]<\/p>\n<h3><b>Kihnun saari n. 10 tuntia<\/b><\/h3>\n<p>Kuljetukset alkaen P\u00e4rnusta, liput lautalle, kiertoajelu Kihnussa, sis\u00e4\u00e4np\u00e4\u00e4sy museoon ja kirkkoon, kalalounas.\u00a0<strong>Tilaukset: <\/strong><a href=\"mailto:info@spareis.ee\">info@spareis.ee<\/a>[\/vc_column_text][vc_row_inner][vc_column_inner width=&#8221;2\/6&#8243;][vc_single_image image=&#8221;57&#8243; img_size=&#8221;300&#215;224&#8243;][\/vc_column_inner][vc_column_inner width=&#8221;4\/6&#8243;][vc_column_text]K\u00e4yt\u00e4 hyv\u00e4ksesi mahdollisuus vierailla ainutlaatuisella\u00a0 saarella, joka sijaitsee vain muutaman tunnin matkan p\u00e4\u00e4ss\u00e4 P\u00e4rnusta.\u00a0 Siell\u00e4 el\u00e4m\u00e4 kulkee omaan leppoisaan tahtiinsa. Kansallispukuja k\u00e4ytet\u00e4\u00e4n arkenakin ja k\u00e4sity\u00f6taide on entisess\u00e4 arvossaan. Kulkuneuvona saarella k\u00e4ytet\u00e4\u00e4n enimm\u00e4kseen kuorma-autoja ja sivuvaunullisia moottoripy\u00f6ri\u00e4. <a href=\"https:\/\/www.visitestonia.com\/fi\/minne-menna\/saaret\/kihnu\">Kihnun saaren<\/a> kulttuurialue on otettu <a href=\"https:\/\/www.visitestonia.com\/fi\/audrun-pyhan-ristin-luterilainen-kirkko\">UNESCON<\/a> maailman kulttuuriperint\u00f6luetteloon. Kihnu on Liivin lahden suurin saari. Saarella on nelj\u00e4 kyl\u00e4\u00e4, joissa asuu yhteens\u00e4 yli 500 ihmist\u00e4. Lautta Kihnuun l\u00e4htee P\u00e4rnusta 45 km et\u00e4isyydell\u00e4 olevasta Munalaiun satamasta aamulla aikaisin. Laivamatka kest\u00e4\u00e4 n. 50 minuuttia. Opas odottaa Kihnun puku p\u00e4\u00e4ll\u00e4 tulijoita satamassa. Kuorma-auton lavalla alkaa eksoottinen <a href=\"https:\/\/www.visitestonia.com\/fi\/kihnun-saarikierros\">kiertoajelu saarella<\/a>. Ajelulla tutustutaan saaren omaper\u00e4iseen el\u00e4m\u00e4\u00e4n ja tapoihin. Museon ja <a href=\"https:\/\/www.visitestonia.com\/fi\/kihnun-pyhan-nikolain-kirkko\">kirkon<\/a> lis\u00e4ksi on mahdollisuus perehty\u00e4 Kihnun merenkulun historiaan vanhassa voimalassa ja kavuta <a href=\"https:\/\/www.visitestonia.com\/fi\/kihnun-majakka\">majakan<\/a> huipulle (lis\u00e4maksusta). Meren rannalla sijaitsevassa ruokapaikassa raikkaassa ilmassa tarjotaan maukas kalalounas, joka on valmistettu vasta pyydetyist\u00e4 paikallisista kaloista. Lautta l\u00e4htee Kihnusta takaisin Munalaiun satamaan iltap\u00e4iv\u00e4ll\u00e4.[\/vc_column_text][\/vc_column_inner][\/vc_row_inner][vc_separator][\/vc_column][\/vc_row][vc_row][vc_column][vc_column_text]<\/p>\n<h3><b>Viljandin kaupunki ja Olustveren kartano n. 5,5 tuntia<\/b><\/h3>\n<p>Kuljetukset alkaen P\u00e4rnusta, opas, sis\u00e4\u00e4np\u00e4\u00e4sy Olustveren kartanoon ja\u00a0 kahvipaussi.\u00a0<strong>Tilaukset<\/strong>:<strong>\u00a0<\/strong><a href=\"mailto:info@spareis.ee\">info@spareis.ee<\/a>[\/vc_column_text][vc_row_inner][vc_column_inner width=&#8221;2\/6&#8243;][vc_single_image image=&#8221;131&#8243; img_size=&#8221;300&#215;224&#8243;][\/vc_column_inner][vc_column_inner width=&#8221;4\/6&#8243;][vc_column_text]Viljandin maakunnalle on antanut oman leimansa kaunis, kumpuileva maasto \u2013 Sakalan yl\u00e4nk\u00f6. Viljandin pikkukaupunki on Viron vanhimpia kaupunkeja (perustettu v. 1283). Se kuului Hansaliittoon ja siell\u00e4 oli Liivimaan huomattavimpia linnoituksia.\u00a0 K\u00e4ymme jalkaisin katsomassa <a href=\"https:\/\/www.visitestonia.com\/fi\/viljandin-linnanpuisto\">linnanm\u00e4ki\u00e4<\/a> ja vanhaakaupunkia. Viljandi on tunnettu erityisesti kulttuurikaupunkina. Kaupungissa on vanhanmusiikin keskus, Tarton yliopiston alainen Viljandin Kulttuuri-Akatemia, Ugalan teatteri, Nukketeatteri, museoita ja taidegallerioita. Siell\u00e4 j\u00e4rjestet\u00e4\u00e4n monia kansainv\u00e4lisi\u00e4 festivaaleja, jokakes\u00e4inen vanhanmusiikin festivaali, Viljandin Folk\u2026 Teemme pys\u00e4hdyksen <a href=\"https:\/\/www.visitestonia.com\/fi\/olustveren-kartano\">Olustveren kartanossa<\/a>, joka kuuluu Viron kauneimpien ja parhaiten s\u00e4ilyneitten kartanoitten joukkoon.\u00a0 Herraskartanossa vietetyn kahvipaussin j\u00e4lkeen jaloittelemme puistossa ja tutustumme kartanokompleksiin. Entisiss\u00e4 sivurakennuksissa toimii monia k\u00e4sity\u00f6pajoja: lasipaja, sep\u00e4n paja, leip\u00e4tupa, tilkkutupa.\u00a0\u00a0 Ajamme l\u00e4pi P\u00e4rnun tasangoille tyypillisten suo-, mets\u00e4-, pelto- ja jokimaastojen , n\u00e4emme monia pikkukaupunkeja ja kyli\u00e4, kuten Suure-Jaani, V\u00e4ndra, Tori ja Sindi.[\/vc_column_text][\/vc_column_inner][\/vc_row_inner][vc_separator][\/vc_column][\/vc_row][vc_row][vc_column][vc_column_text]<\/p>\n<h3><b>Puolip\u00e4iv\u00e4retki Latviaan \u2013 Liivin lahden rantakyl\u00e4t ja -kaupungit n. 5 tuntia<\/b><\/h3>\n<p>Kuljetukset alkaen P\u00e4rnusta, opas, kahvitauko\u00a0<strong>Tilaukset:<\/strong>\u00a0<a href=\"mailto:info@spareis.ee\">info@spareis.ee<\/a>[\/vc_column_text][vc_row_inner][vc_column_inner width=&#8221;2\/6&#8243;][vc_single_image image=&#8221;54&#8243; img_size=&#8221;300&#215;224&#8243;][\/vc_column_inner][vc_column_inner width=&#8221;4\/6&#8243;][vc_column_text]Rantakyl\u00e4t odottavat teit\u00e4 vierailulle! Puolen vuorokauden mittaisella retkell\u00e4 tutustumme P\u00e4rnun maakunnan kauniisiin rantakyliin ja ajamme naapurimaahan Latviaan, jossa saamme h\u00e4iv\u00e4hdyksen purjehduksen historiasta ja sen vaikutuksesta alueelle.<\/p>\n<p>N\u00e4emme, miten rantakylien asukkaat el\u00e4v\u00e4t nykyp\u00e4iv\u00e4n\u00e4.\u00a0 Katselemme kauniita maisemia, m\u00e4ntymetsi\u00e4 ja rantavy\u00f6hykett\u00e4. Ajamme nimitt\u00e4in l\u00e4pi Luitemaan luonnonsuojelualueen. N\u00e4emme Kablin rantaa ja saamme vilkaista paikkakunnan kansainv\u00e4lisesti kuuluisaa lintujen rengastusasemaa. H\u00e4\u00e4demeeste on ollut t\u00e4rke\u00e4 purjelaivojen rakennuspaikka ja nykyp\u00e4iv\u00e4n\u00e4 se tunnetaan paikkana, jossa l\u00f6ydettiin terveellinen mineraalivesi.<\/p>\n<p>Latvian<a href=\"https:\/\/www.visitlimbazi.lv\/fi\/museot?1307700391\"> Aina\u017eissa<\/a> (65 km P\u00e4rnust) sijaitsi Baltian maitten ensimm\u00e4inen merenkulkukoulu, joka perustettiin jo vuonna 1864. Koulussa opiskeli sek\u00e4 virolaisia ett\u00e4 latvialaisia, jotka tavoittelivat per\u00e4miehen tai pitk\u00e4n matkan laivan kapteenin diplomia. Nykyisin toimii rakennuksessa merenkulkumuseo.<\/p>\n<p>Paluumatkalla pys\u00e4hdyt\u00e4\u00e4n Viron ja Latvian rajalla sijaitsevassa <a href=\"https:\/\/www.superalko.lv\/fi\">Super Alkon<\/a> myym\u00e4l\u00e4ss\u00e4.[\/vc_column_text][\/vc_column_inner][\/vc_row_inner][vc_separator][\/vc_column][\/vc_row][vc_row][vc_column][vc_column_text]<\/p>\n<h3><b>Riika \u2013 Latvian p\u00e4\u00e4kaupunki n. 10 tuntia<\/b><\/h3>\n<p>Kuljetukset alkaen P\u00e4rnusta, opas. <strong>Tilaukset:<\/strong> <a href=\"mailto:info@spareis.ee\">info@spareis.ee<\/a>[\/vc_column_text][vc_row_inner][vc_column_inner width=&#8221;2\/6&#8243;][vc_single_image image=&#8221;55&#8243; img_size=&#8221;300&#215;224&#8243;][\/vc_column_inner][vc_column_inner width=&#8221;4\/6&#8243;][vc_column_text]P\u00e4rnusta vain muutaman tunnin ajon p\u00e4\u00e4ss\u00e4 (186 km)\u00a0 sykkii todellinen suurkaupunki \u2013 vanha Liivinmaan keskus ja Baltian maiden suurin kaupunki Riika, joka on n\u00e4kemisen arvoinen joka vuodenaikana. Jo v. 1201 perustetussa kaupungissa on s\u00e4ilynyt paljon historiallisia\u00a0 rakennuksia. Kaupunki on ollut vuosisatojen aikana t\u00e4rke\u00e4 kauppa- ja uskontojen keskus. Edelleenkin se huokuu eurooppalaista kaupunkikulttuuria. Riian panoraamassa kohoaa komeita kirkontorneja ja omaper\u00e4isi\u00e4 jugend-taloja. Matkalla Riikaan puhumme Latvian historiasta ja nykyp\u00e4iv\u00e4st\u00e4. Matkan varrella teemme kahvipaussin ja jaloittelemme v\u00e4h\u00e4sen.<\/p>\n<p>Riiassa kuljemme oppaan johdolla tunnin verran <a href=\"https:\/\/www.latvia.travel\/fi\/nahtavyys\/vanha-riika\">vanhassakaupungissa<\/a>. N\u00e4emme Mustap\u00e4iden talon, Pietarin kirkon, Tuomiokirkon, kiltataloja, Kolme Veljest\u00e4, k\u00e4velemme pitkin R. Wagnerin katua ja kuljemme l\u00e4pi vanhan Ruotsin portin. Kierroksen j\u00e4lkeen on vapaata aikaa (n. 3 tuntia), jolloin voi k\u00e4yd\u00e4 vaikkapa jossain vanhankaupungin viihtyisist\u00e4 ravintoloista tai nauttia pient\u00e4 purtavaa jossain kaupungin monista katukahviloista. Vanhassakaupungissa l\u00f6ytyy runsaasti kivoja pikkuputiikkeja ja my\u00f6s iso tavaratalo nimelt\u00e4 Centrs.\u00a0 Omatoimisesti voi tutustua mielens\u00e4 mukaisiin museoihin tai n\u00e4yttelyihin.\u00a0 Lis\u00e4maksusta on mahdollista tilata lounas etuk\u00e4teen.<\/p>\n<p>Muistakaa ehdottomasti ottaa mukaan passi tai virallinen henkil\u00f6kortti. Paluumatkalla pys\u00e4hdyt\u00e4\u00e4n Viron ja Latvian rajalla sijaitsevassa <a href=\"https:\/\/www.superalko.lv\/fi\">Super Alkon<\/a> myym\u00e4l\u00e4ss\u00e4. Ostoksia tehdess\u00e4 on huomioitava ett\u00e4 bussikuljetuksissa matkatavaroiden yhteispanolle on rajoitus 20 kg \/ hl\u00f6. \u00a0Virosta ostetut tupakat \/ tupakkatuotteet sek\u00e4 alkoholijuomat tulee aina kuljettaa itse paluun (Helsinkiin) laivamatkan aikana.[\/vc_column_text][\/vc_column_inner][\/vc_row_inner][\/vc_column][\/vc_row]<\/p>\n<\/section>","protected":false},"excerpt":{"rendered":"<p>[vc_row][vc_column][vc_column_text] Torin kyl\u00e4 ja siideritila n. 3,5 tuntia Kuljetukset alkaen P\u00e4rnusta, siideri maistiaiset, opas. Tilaukset:\u00a0info@spareis.ee[\/vc_column_text][vc_row_inner][vc_column_inner width=&#8221;2\/6&#8243;][vc_single_image image=&#8221;249&#8243; img_size=&#8221;300&#215;224&#8243; add_caption=&#8221;yes&#8221;][\/vc_column_inner][vc_column_inner width=&#8221;4\/6&#8243;][vc_column_text]Retkemme kohteena on 27\u00a0 km p\u00e4\u00e4ss\u00e4 P\u00e4rnujoen rannalla sijaitseva Torin kyl\u00e4. Ajamme historiallisen tekstiilikaupungin Sindin kautta, jonka t\u00e4rkeimpi\u00e4 n\u00e4ht\u00e4vyyksi\u00e4 ovat 1800-luvulta per\u00e4isin olevat punatiiliset tehdasrakennukset. \u00a0Joen rantat\u00f6yr\u00e4\u00e4lle on l\u00e4hdevesi kaivertanut syvi\u00e4 kuoppia \u2013\u00a0Tori helvetti, joihin liittyy [&hellip;]<\/p>\n","protected":false},"author":1,"featured_media":0,"parent":84,"menu_order":0,"comment_status":"closed","ping_status":"closed","template":"","meta":{"_mi_skip_tracking":false,"_monsterinsights_sitenote_active":false,"_monsterinsights_sitenote_note":"","_monsterinsights_sitenote_category":0,"footnotes":""},"yoast_head":"<!-- This site is optimized with the Yoast SEO plugin v21.5 - https:\/\/yoast.com\/wordpress\/plugins\/seo\/ -->\n<title>Retki\u00e4 P\u00e4rnun ulkopuolelle - SpaReis O\u00dc<\/title>\n<meta name=\"robots\" content=\"index, follow, max-snippet:-1, max-image-preview:large, max-video-preview:-1\" \/>\n<link rel=\"canonical\" href=\"https:\/\/www.spareis.ee\/fi\/retket\/retkia-parnun-ulkopuolelle\/\" \/>\n<meta property=\"og:locale\" content=\"fi_FI\" \/>\n<meta property=\"og:type\" content=\"article\" \/>\n<meta property=\"og:title\" content=\"Retki\u00e4 P\u00e4rnun ulkopuolelle - SpaReis O\u00dc\" \/>\n<meta property=\"og:description\" content=\"[vc_row][vc_column][vc_column_text] Torin kyl\u00e4 ja siideritila n. 3,5 tuntia Kuljetukset alkaen P\u00e4rnusta, siideri maistiaiset, opas. Tilaukset:\u00a0info@spareis.ee[\/vc_column_text][vc_row_inner][vc_column_inner width=&#8221;2\/6&#8243;][vc_single_image image=&#8221;249&#8243; img_size=&#8221;300&#215;224&#8243; add_caption=&#8221;yes&#8221;][\/vc_column_inner][vc_column_inner width=&#8221;4\/6&#8243;][vc_column_text]Retkemme kohteena on 27\u00a0 km p\u00e4\u00e4ss\u00e4 P\u00e4rnujoen rannalla sijaitseva Torin kyl\u00e4. Ajamme historiallisen tekstiilikaupungin Sindin kautta, jonka t\u00e4rkeimpi\u00e4 n\u00e4ht\u00e4vyyksi\u00e4 ovat 1800-luvulta per\u00e4isin olevat punatiiliset tehdasrakennukset. \u00a0Joen rantat\u00f6yr\u00e4\u00e4lle on l\u00e4hdevesi kaivertanut syvi\u00e4 kuoppia \u2013\u00a0Tori helvetti, joihin liittyy [&hellip;]\" \/>\n<meta property=\"og:url\" content=\"https:\/\/www.spareis.ee\/fi\/retket\/retkia-parnun-ulkopuolelle\/\" \/>\n<meta property=\"og:site_name\" content=\"SpaReis O\u00dc\" \/>\n<meta property=\"article:modified_time\" content=\"2025-02-25T10:35:13+00:00\" \/>\n<meta name=\"twitter:card\" content=\"summary_large_image\" \/>\n<meta name=\"twitter:label1\" content=\"Arvioitu lukuaika\" \/>\n\t<meta name=\"twitter:data1\" content=\"5 minuuttia\" \/>\n<script type=\"application\/ld+json\" class=\"yoast-schema-graph\">{\"@context\":\"https:\/\/schema.org\",\"@graph\":[{\"@type\":\"WebPage\",\"@id\":\"https:\/\/www.spareis.ee\/fi\/retket\/retkia-parnun-ulkopuolelle\/\",\"url\":\"https:\/\/www.spareis.ee\/fi\/retket\/retkia-parnun-ulkopuolelle\/\",\"name\":\"Retki\u00e4 P\u00e4rnun ulkopuolelle - SpaReis O\u00dc\",\"isPartOf\":{\"@id\":\"https:\/\/www.spareis.ee\/#website\"},\"datePublished\":\"2017-12-11T11:46:44+00:00\",\"dateModified\":\"2025-02-25T10:35:13+00:00\",\"breadcrumb\":{\"@id\":\"https:\/\/www.spareis.ee\/fi\/retket\/retkia-parnun-ulkopuolelle\/#breadcrumb\"},\"inLanguage\":\"fi\",\"potentialAction\":[{\"@type\":\"ReadAction\",\"target\":[\"https:\/\/www.spareis.ee\/fi\/retket\/retkia-parnun-ulkopuolelle\/\"]}]},{\"@type\":\"BreadcrumbList\",\"@id\":\"https:\/\/www.spareis.ee\/fi\/retket\/retkia-parnun-ulkopuolelle\/#breadcrumb\",\"itemListElement\":[{\"@type\":\"ListItem\",\"position\":1,\"name\":\"Home\",\"item\":\"https:\/\/www.spareis.ee\/fi\/\"},{\"@type\":\"ListItem\",\"position\":2,\"name\":\"Retket P\u00e4rnussa\",\"item\":\"https:\/\/www.spareis.ee\/fi\/retket\/\"},{\"@type\":\"ListItem\",\"position\":3,\"name\":\"Retki\u00e4 P\u00e4rnun ulkopuolelle\"}]},{\"@type\":\"WebSite\",\"@id\":\"https:\/\/www.spareis.ee\/#website\",\"url\":\"https:\/\/www.spareis.ee\/\",\"name\":\"SpaReis O\u00dc\",\"description\":\"SpaReis on P\u00e4rnu reisikorraldaja, mis viib l\u00e4bi ekskursioone peamiselt P\u00e4rnu linnas ja l\u00e4hi\u00fcmbruses. Meilt v\u00f5ib tellida transporti, majutust ja toitlustust.\",\"potentialAction\":[{\"@type\":\"SearchAction\",\"target\":{\"@type\":\"EntryPoint\",\"urlTemplate\":\"https:\/\/www.spareis.ee\/?s={search_term_string}\"},\"query-input\":\"required name=search_term_string\"}],\"inLanguage\":\"fi\"}]}<\/script>\n<!-- \/ Yoast SEO plugin. -->","yoast_head_json":{"title":"Retki\u00e4 P\u00e4rnun ulkopuolelle - SpaReis O\u00dc","robots":{"index":"index","follow":"follow","max-snippet":"max-snippet:-1","max-image-preview":"max-image-preview:large","max-video-preview":"max-video-preview:-1"},"canonical":"https:\/\/www.spareis.ee\/fi\/retket\/retkia-parnun-ulkopuolelle\/","og_locale":"fi_FI","og_type":"article","og_title":"Retki\u00e4 P\u00e4rnun ulkopuolelle - SpaReis O\u00dc","og_description":"[vc_row][vc_column][vc_column_text] Torin kyl\u00e4 ja siideritila n. 3,5 tuntia Kuljetukset alkaen P\u00e4rnusta, siideri maistiaiset, opas. Tilaukset:\u00a0info@spareis.ee[\/vc_column_text][vc_row_inner][vc_column_inner width=&#8221;2\/6&#8243;][vc_single_image image=&#8221;249&#8243; img_size=&#8221;300&#215;224&#8243; add_caption=&#8221;yes&#8221;][\/vc_column_inner][vc_column_inner width=&#8221;4\/6&#8243;][vc_column_text]Retkemme kohteena on 27\u00a0 km p\u00e4\u00e4ss\u00e4 P\u00e4rnujoen rannalla sijaitseva Torin kyl\u00e4. Ajamme historiallisen tekstiilikaupungin Sindin kautta, jonka t\u00e4rkeimpi\u00e4 n\u00e4ht\u00e4vyyksi\u00e4 ovat 1800-luvulta per\u00e4isin olevat punatiiliset tehdasrakennukset. \u00a0Joen rantat\u00f6yr\u00e4\u00e4lle on l\u00e4hdevesi kaivertanut syvi\u00e4 kuoppia \u2013\u00a0Tori helvetti, joihin liittyy [&hellip;]","og_url":"https:\/\/www.spareis.ee\/fi\/retket\/retkia-parnun-ulkopuolelle\/","og_site_name":"SpaReis O\u00dc","article_modified_time":"2025-02-25T10:35:13+00:00","twitter_card":"summary_large_image","twitter_misc":{"Arvioitu lukuaika":"5 minuuttia"},"schema":{"@context":"https:\/\/schema.org","@graph":[{"@type":"WebPage","@id":"https:\/\/www.spareis.ee\/fi\/retket\/retkia-parnun-ulkopuolelle\/","url":"https:\/\/www.spareis.ee\/fi\/retket\/retkia-parnun-ulkopuolelle\/","name":"Retki\u00e4 P\u00e4rnun ulkopuolelle - SpaReis O\u00dc","isPartOf":{"@id":"https:\/\/www.spareis.ee\/#website"},"datePublished":"2017-12-11T11:46:44+00:00","dateModified":"2025-02-25T10:35:13+00:00","breadcrumb":{"@id":"https:\/\/www.spareis.ee\/fi\/retket\/retkia-parnun-ulkopuolelle\/#breadcrumb"},"inLanguage":"fi","potentialAction":[{"@type":"ReadAction","target":["https:\/\/www.spareis.ee\/fi\/retket\/retkia-parnun-ulkopuolelle\/"]}]},{"@type":"BreadcrumbList","@id":"https:\/\/www.spareis.ee\/fi\/retket\/retkia-parnun-ulkopuolelle\/#breadcrumb","itemListElement":[{"@type":"ListItem","position":1,"name":"Home","item":"https:\/\/www.spareis.ee\/fi\/"},{"@type":"ListItem","position":2,"name":"Retket P\u00e4rnussa","item":"https:\/\/www.spareis.ee\/fi\/retket\/"},{"@type":"ListItem","position":3,"name":"Retki\u00e4 P\u00e4rnun ulkopuolelle"}]},{"@type":"WebSite","@id":"https:\/\/www.spareis.ee\/#website","url":"https:\/\/www.spareis.ee\/","name":"SpaReis O\u00dc","description":"SpaReis on P\u00e4rnu reisikorraldaja, mis viib l\u00e4bi ekskursioone peamiselt P\u00e4rnu linnas ja l\u00e4hi\u00fcmbruses. Meilt v\u00f5ib tellida transporti, majutust ja toitlustust.","potentialAction":[{"@type":"SearchAction","target":{"@type":"EntryPoint","urlTemplate":"https:\/\/www.spareis.ee\/?s={search_term_string}"},"query-input":"required name=search_term_string"}],"inLanguage":"fi"}]}},"_links":{"self":[{"href":"https:\/\/www.spareis.ee\/fi\/wp-json\/wp\/v2\/pages\/89"}],"collection":[{"href":"https:\/\/www.spareis.ee\/fi\/wp-json\/wp\/v2\/pages"}],"about":[{"href":"https:\/\/www.spareis.ee\/fi\/wp-json\/wp\/v2\/types\/page"}],"author":[{"embeddable":true,"href":"https:\/\/www.spareis.ee\/fi\/wp-json\/wp\/v2\/users\/1"}],"replies":[{"embeddable":true,"href":"https:\/\/www.spareis.ee\/fi\/wp-json\/wp\/v2\/comments?post=89"}],"version-history":[{"count":35,"href":"https:\/\/www.spareis.ee\/fi\/wp-json\/wp\/v2\/pages\/89\/revisions"}],"predecessor-version":[{"id":504,"href":"https:\/\/www.spareis.ee\/fi\/wp-json\/wp\/v2\/pages\/89\/revisions\/504"}],"up":[{"embeddable":true,"href":"https:\/\/www.spareis.ee\/fi\/wp-json\/wp\/v2\/pages\/84"}],"wp:attachment":[{"href":"https:\/\/www.spareis.ee\/fi\/wp-json\/wp\/v2\/media?parent=89"}],"curies":[{"name":"wp","href":"https:\/\/api.w.org\/{rel}","templated":true}]}}