{"id":80,"date":"2017-12-11T13:42:37","date_gmt":"2017-12-11T11:42:37","guid":{"rendered":"http:\/\/www.spareis.ee\/?page_id=80"},"modified":"2023-07-06T19:41:35","modified_gmt":"2023-07-06T17:41:35","slug":"yhteystiedot","status":"publish","type":"page","link":"https:\/\/www.spareis.ee\/fi\/yhteystiedot\/","title":{"rendered":"Yhteystiedot"},"content":{"rendered":"<section class=\"wpb-content-wrapper\"><p>[vc_row][vc_column width=&#8221;2\/6&#8243;][vc_column_text]<strong>SpaReis O\u00dc<\/strong><br \/>\nP\u00e4rnu 80014<br \/>\nPuhelin: +372 51 54 459<br \/>\nS\u00e4hk\u00f6posti:\u00a0<a href=\"mailto:info@spareis.ee\">info@spareis.ee<\/a><br \/>\nwww.spareis.ee[\/vc_column_text][\/vc_column][\/vc_row]<\/p>\n<\/section>","protected":false},"excerpt":{"rendered":"<p>[vc_row][vc_column width=&#8221;2\/6&#8243;][vc_column_text]SpaReis O\u00dc P\u00e4rnu 80014 Puhelin: +372 51 54 459 S\u00e4hk\u00f6posti:\u00a0info@spareis.ee www.spareis.ee[\/vc_column_text][\/vc_column][\/vc_row]<\/p>\n","protected":false},"author":1,"featured_media":0,"parent":0,"menu_order":0,"comment_status":"closed","ping_status":"closed","template":"","meta":{"_mi_skip_tracking":false,"_monsterinsights_sitenote_active":false,"_monsterinsights_sitenote_note":"","_monsterinsights_sitenote_category":0,"footnotes":""},"yoast_head":"<!-- This site is optimized with the Yoast SEO plugin v21.5 - https:\/\/yoast.com\/wordpress\/plugins\/seo\/ -->\n<title>Yhteystiedot - SpaReis O\u00dc<\/title>\n<meta name=\"robots\" content=\"index, follow, max-snippet:-1, max-image-preview:large, max-video-preview:-1\" \/>\n<link rel=\"canonical\" href=\"https:\/\/www.spareis.ee\/fi\/yhteystiedot\/\" \/>\n<meta property=\"og:locale\" content=\"fi_FI\" \/>\n<meta property=\"og:type\" content=\"article\" \/>\n<meta property=\"og:title\" content=\"Yhteystiedot - SpaReis O\u00dc\" \/>\n<meta property=\"og:description\" content=\"[vc_row][vc_column width=&#8221;2\/6&#8243;][vc_column_text]SpaReis O\u00dc P\u00e4rnu 80014 Puhelin: +372 51 54 459 S\u00e4hk\u00f6posti:\u00a0info@spareis.ee www.spareis.ee[\/vc_column_text][\/vc_column][\/vc_row]\" \/>\n<meta property=\"og:url\" content=\"https:\/\/www.spareis.ee\/fi\/yhteystiedot\/\" \/>\n<meta property=\"og:site_name\" content=\"SpaReis O\u00dc\" \/>\n<meta property=\"article:modified_time\" content=\"2023-07-06T17:41:35+00:00\" \/>\n<meta name=\"twitter:card\" content=\"summary_large_image\" \/>\n<meta name=\"twitter:label1\" content=\"Arvioitu lukuaika\" \/>\n\t<meta name=\"twitter:data1\" content=\"1 minuutti\" \/>\n<script type=\"application\/ld+json\" class=\"yoast-schema-graph\">{\"@context\":\"https:\/\/schema.org\",\"@graph\":[{\"@type\":\"WebPage\",\"@id\":\"https:\/\/www.spareis.ee\/fi\/yhteystiedot\/\",\"url\":\"https:\/\/www.spareis.ee\/fi\/yhteystiedot\/\",\"name\":\"Yhteystiedot - SpaReis O\u00dc\",\"isPartOf\":{\"@id\":\"https:\/\/www.spareis.ee\/#website\"},\"datePublished\":\"2017-12-11T11:42:37+00:00\",\"dateModified\":\"2023-07-06T17:41:35+00:00\",\"breadcrumb\":{\"@id\":\"https:\/\/www.spareis.ee\/fi\/yhteystiedot\/#breadcrumb\"},\"inLanguage\":\"fi\",\"potentialAction\":[{\"@type\":\"ReadAction\",\"target\":[\"https:\/\/www.spareis.ee\/fi\/yhteystiedot\/\"]}]},{\"@type\":\"BreadcrumbList\",\"@id\":\"https:\/\/www.spareis.ee\/fi\/yhteystiedot\/#breadcrumb\",\"itemListElement\":[{\"@type\":\"ListItem\",\"position\":1,\"name\":\"Home\",\"item\":\"https:\/\/www.spareis.ee\/fi\/\"},{\"@type\":\"ListItem\",\"position\":2,\"name\":\"Yhteystiedot\"}]},{\"@type\":\"WebSite\",\"@id\":\"https:\/\/www.spareis.ee\/#website\",\"url\":\"https:\/\/www.spareis.ee\/\",\"name\":\"SpaReis O\u00dc\",\"description\":\"SpaReis on P\u00e4rnu reisikorraldaja, mis viib l\u00e4bi ekskursioone peamiselt P\u00e4rnu linnas ja l\u00e4hi\u00fcmbruses. Meilt v\u00f5ib tellida transporti, majutust ja toitlustust.\",\"potentialAction\":[{\"@type\":\"SearchAction\",\"target\":{\"@type\":\"EntryPoint\",\"urlTemplate\":\"https:\/\/www.spareis.ee\/?s={search_term_string}\"},\"query-input\":\"required name=search_term_string\"}],\"inLanguage\":\"fi\"}]}<\/script>\n<!-- \/ Yoast SEO plugin. -->","yoast_head_json":{"title":"Yhteystiedot - SpaReis O\u00dc","robots":{"index":"index","follow":"follow","max-snippet":"max-snippet:-1","max-image-preview":"max-image-preview:large","max-video-preview":"max-video-preview:-1"},"canonical":"https:\/\/www.spareis.ee\/fi\/yhteystiedot\/","og_locale":"fi_FI","og_type":"article","og_title":"Yhteystiedot - SpaReis O\u00dc","og_description":"[vc_row][vc_column width=&#8221;2\/6&#8243;][vc_column_text]SpaReis O\u00dc P\u00e4rnu 80014 Puhelin: +372 51 54 459 S\u00e4hk\u00f6posti:\u00a0info@spareis.ee www.spareis.ee[\/vc_column_text][\/vc_column][\/vc_row]","og_url":"https:\/\/www.spareis.ee\/fi\/yhteystiedot\/","og_site_name":"SpaReis O\u00dc","article_modified_time":"2023-07-06T17:41:35+00:00","twitter_card":"summary_large_image","twitter_misc":{"Arvioitu lukuaika":"1 minuutti"},"schema":{"@context":"https:\/\/schema.org","@graph":[{"@type":"WebPage","@id":"https:\/\/www.spareis.ee\/fi\/yhteystiedot\/","url":"https:\/\/www.spareis.ee\/fi\/yhteystiedot\/","name":"Yhteystiedot - SpaReis O\u00dc","isPartOf":{"@id":"https:\/\/www.spareis.ee\/#website"},"datePublished":"2017-12-11T11:42:37+00:00","dateModified":"2023-07-06T17:41:35+00:00","breadcrumb":{"@id":"https:\/\/www.spareis.ee\/fi\/yhteystiedot\/#breadcrumb"},"inLanguage":"fi","potentialAction":[{"@type":"ReadAction","target":["https:\/\/www.spareis.ee\/fi\/yhteystiedot\/"]}]},{"@type":"BreadcrumbList","@id":"https:\/\/www.spareis.ee\/fi\/yhteystiedot\/#breadcrumb","itemListElement":[{"@type":"ListItem","position":1,"name":"Home","item":"https:\/\/www.spareis.ee\/fi\/"},{"@type":"ListItem","position":2,"name":"Yhteystiedot"}]},{"@type":"WebSite","@id":"https:\/\/www.spareis.ee\/#website","url":"https:\/\/www.spareis.ee\/","name":"SpaReis O\u00dc","description":"SpaReis on P\u00e4rnu reisikorraldaja, mis viib l\u00e4bi ekskursioone peamiselt P\u00e4rnu linnas ja l\u00e4hi\u00fcmbruses. Meilt v\u00f5ib tellida transporti, majutust ja toitlustust.","potentialAction":[{"@type":"SearchAction","target":{"@type":"EntryPoint","urlTemplate":"https:\/\/www.spareis.ee\/?s={search_term_string}"},"query-input":"required name=search_term_string"}],"inLanguage":"fi"}]}},"_links":{"self":[{"href":"https:\/\/www.spareis.ee\/fi\/wp-json\/wp\/v2\/pages\/80"}],"collection":[{"href":"https:\/\/www.spareis.ee\/fi\/wp-json\/wp\/v2\/pages"}],"about":[{"href":"https:\/\/www.spareis.ee\/fi\/wp-json\/wp\/v2\/types\/page"}],"author":[{"embeddable":true,"href":"https:\/\/www.spareis.ee\/fi\/wp-json\/wp\/v2\/users\/1"}],"replies":[{"embeddable":true,"href":"https:\/\/www.spareis.ee\/fi\/wp-json\/wp\/v2\/comments?post=80"}],"version-history":[{"count":8,"href":"https:\/\/www.spareis.ee\/fi\/wp-json\/wp\/v2\/pages\/80\/revisions"}],"predecessor-version":[{"id":486,"href":"https:\/\/www.spareis.ee\/fi\/wp-json\/wp\/v2\/pages\/80\/revisions\/486"}],"wp:attachment":[{"href":"https:\/\/www.spareis.ee\/fi\/wp-json\/wp\/v2\/media?parent=80"}],"curies":[{"name":"wp","href":"https:\/\/api.w.org\/{rel}","templated":true}]}}