{"id":101,"date":"2017-12-11T13:51:29","date_gmt":"2017-12-11T11:51:29","guid":{"rendered":"http:\/\/www.spareis.ee\/?page_id=101"},"modified":"2018-03-22T13:26:35","modified_gmt":"2018-03-22T11:26:35","slug":"matkaehdot","status":"publish","type":"page","link":"https:\/\/www.spareis.ee\/fi\/matkaehdot\/","title":{"rendered":"Matkaehdot"},"content":{"rendered":"<p>1. <strong>SpaReis O\u00dc<\/strong> vastaa matkanj\u00e4rjest\u00e4j\u00e4n\u00e4 siit\u00e4, ett\u00e4 matka toteutetaan sopimuksen mukaisesti ja asiakas saa kaikki matkasuunnitelmassa h\u00e4nelle luvatut palvelut.<\/p>\n<p>2.SpaReis O\u00dc ei vastaa force majeure -tapauksista tai muista, matkanj\u00e4rjest\u00e4j\u00e4st\u00e4 riippumattomista, ylivoimaisista syist\u00e4 johtuneista muutoksista eik\u00e4 niist\u00e4 aiheutuneista vahingoista.<\/p>\n<p>3. Matkan peruuttaminen ja maksun palautus<br \/>\nJos matkustaja peruuttaa matkan t\u00e4ss\u00e4 kohdassa tarkoitetulla perusteella (oma tai l\u00e4hiomaisen sairastuminen, tapaturma tai muu vastaava tapahtuma, josta on esitt\u00e4\u00e4 todistus) h\u00e4nell\u00e4 on oikeus saada maksamansa summa takaisin<\/p>\n<p>4. Matkanj\u00e4rjest\u00e4j\u00e4ll\u00e4 on oikeus tehd\u00e4 matkaohjelmaan ja -suunnitelmaan muutoksia, jotka eiv\u00e4t olennaisesti muuta matkan luonnetta, mik\u00e4li matkanj\u00e4rjest\u00e4j\u00e4 ei voi siit\u00e4 riippumattomista syist\u00e4 noudattaa sovittua matkasuunnitelmaa. Muutoksista on ilmoitettava matkustajalle niin pian kuin mahdollista.<\/p>\n<p>5. Matkanj\u00e4rjest\u00e4j\u00e4ll\u00e4 on oikeus peruuttaa matka ja palauttaa kaikki matkasuoritukset, jos<br \/>\n5.1. matkalle ei ole ilmoittautunut riitt\u00e4v\u00e4sti osallistujia<br \/>\n5.2. matkakohde on muuttunut vaaralliseksi (sota, epidemia tms.) tai matkaa ei ole mahdollista toteuttaa (lakko, tulva tms.)<\/p>\n<p>6. Matkan maksettuaan matkustajan katsotaan hyv\u00e4ksyneen matkaehdot<\/p>\n<p>7. Riita-asiat k\u00e4sitell\u00e4\u00e4n Viron tasavallan lains\u00e4\u00e4d\u00e4nn\u00f6n mukaan<\/p>\n","protected":false},"excerpt":{"rendered":"<p>1. SpaReis O\u00dc vastaa matkanj\u00e4rjest\u00e4j\u00e4n\u00e4 siit\u00e4, ett\u00e4 matka toteutetaan sopimuksen mukaisesti ja asiakas saa kaikki matkasuunnitelmassa h\u00e4nelle luvatut palvelut. 2.SpaReis O\u00dc ei vastaa force majeure -tapauksista tai muista, matkanj\u00e4rjest\u00e4j\u00e4st\u00e4 riippumattomista, ylivoimaisista syist\u00e4 johtuneista muutoksista eik\u00e4 niist\u00e4 aiheutuneista vahingoista. 3. Matkan peruuttaminen ja maksun palautus Jos matkustaja peruuttaa matkan t\u00e4ss\u00e4 kohdassa tarkoitetulla perusteella (oma tai l\u00e4hiomaisen [&hellip;]<\/p>\n","protected":false},"author":1,"featured_media":0,"parent":0,"menu_order":0,"comment_status":"closed","ping_status":"closed","template":"","meta":{"_mi_skip_tracking":false,"_monsterinsights_sitenote_active":false,"_monsterinsights_sitenote_note":"","_monsterinsights_sitenote_category":0,"footnotes":""},"yoast_head":"<!-- This site is optimized with the Yoast SEO plugin v21.5 - https:\/\/yoast.com\/wordpress\/plugins\/seo\/ -->\n<title>Matkaehdot - SpaReis O\u00dc<\/title>\n<meta name=\"robots\" content=\"index, follow, max-snippet:-1, max-image-preview:large, max-video-preview:-1\" \/>\n<link rel=\"canonical\" href=\"https:\/\/www.spareis.ee\/fi\/matkaehdot\/\" \/>\n<meta property=\"og:locale\" content=\"fi_FI\" \/>\n<meta property=\"og:type\" content=\"article\" \/>\n<meta property=\"og:title\" content=\"Matkaehdot - SpaReis O\u00dc\" \/>\n<meta property=\"og:description\" content=\"1. SpaReis O\u00dc vastaa matkanj\u00e4rjest\u00e4j\u00e4n\u00e4 siit\u00e4, ett\u00e4 matka toteutetaan sopimuksen mukaisesti ja asiakas saa kaikki matkasuunnitelmassa h\u00e4nelle luvatut palvelut. 2.SpaReis O\u00dc ei vastaa force majeure -tapauksista tai muista, matkanj\u00e4rjest\u00e4j\u00e4st\u00e4 riippumattomista, ylivoimaisista syist\u00e4 johtuneista muutoksista eik\u00e4 niist\u00e4 aiheutuneista vahingoista. 3. Matkan peruuttaminen ja maksun palautus Jos matkustaja peruuttaa matkan t\u00e4ss\u00e4 kohdassa tarkoitetulla perusteella (oma tai l\u00e4hiomaisen [&hellip;]\" \/>\n<meta property=\"og:url\" content=\"https:\/\/www.spareis.ee\/fi\/matkaehdot\/\" \/>\n<meta property=\"og:site_name\" content=\"SpaReis O\u00dc\" \/>\n<meta property=\"article:modified_time\" content=\"2018-03-22T11:26:35+00:00\" \/>\n<meta name=\"twitter:card\" content=\"summary_large_image\" \/>\n<meta name=\"twitter:label1\" content=\"Arvioitu lukuaika\" \/>\n\t<meta name=\"twitter:data1\" content=\"1 minuutti\" \/>\n<script type=\"application\/ld+json\" class=\"yoast-schema-graph\">{\"@context\":\"https:\/\/schema.org\",\"@graph\":[{\"@type\":\"WebPage\",\"@id\":\"https:\/\/www.spareis.ee\/fi\/matkaehdot\/\",\"url\":\"https:\/\/www.spareis.ee\/fi\/matkaehdot\/\",\"name\":\"Matkaehdot - SpaReis O\u00dc\",\"isPartOf\":{\"@id\":\"https:\/\/www.spareis.ee\/#website\"},\"datePublished\":\"2017-12-11T11:51:29+00:00\",\"dateModified\":\"2018-03-22T11:26:35+00:00\",\"breadcrumb\":{\"@id\":\"https:\/\/www.spareis.ee\/fi\/matkaehdot\/#breadcrumb\"},\"inLanguage\":\"fi\",\"potentialAction\":[{\"@type\":\"ReadAction\",\"target\":[\"https:\/\/www.spareis.ee\/fi\/matkaehdot\/\"]}]},{\"@type\":\"BreadcrumbList\",\"@id\":\"https:\/\/www.spareis.ee\/fi\/matkaehdot\/#breadcrumb\",\"itemListElement\":[{\"@type\":\"ListItem\",\"position\":1,\"name\":\"Home\",\"item\":\"https:\/\/www.spareis.ee\/fi\/\"},{\"@type\":\"ListItem\",\"position\":2,\"name\":\"Matkaehdot\"}]},{\"@type\":\"WebSite\",\"@id\":\"https:\/\/www.spareis.ee\/#website\",\"url\":\"https:\/\/www.spareis.ee\/\",\"name\":\"SpaReis O\u00dc\",\"description\":\"SpaReis on P\u00e4rnu reisikorraldaja, mis viib l\u00e4bi ekskursioone peamiselt P\u00e4rnu linnas ja l\u00e4hi\u00fcmbruses. Meilt v\u00f5ib tellida transporti, majutust ja toitlustust.\",\"potentialAction\":[{\"@type\":\"SearchAction\",\"target\":{\"@type\":\"EntryPoint\",\"urlTemplate\":\"https:\/\/www.spareis.ee\/?s={search_term_string}\"},\"query-input\":\"required name=search_term_string\"}],\"inLanguage\":\"fi\"}]}<\/script>\n<!-- \/ Yoast SEO plugin. -->","yoast_head_json":{"title":"Matkaehdot - SpaReis O\u00dc","robots":{"index":"index","follow":"follow","max-snippet":"max-snippet:-1","max-image-preview":"max-image-preview:large","max-video-preview":"max-video-preview:-1"},"canonical":"https:\/\/www.spareis.ee\/fi\/matkaehdot\/","og_locale":"fi_FI","og_type":"article","og_title":"Matkaehdot - SpaReis O\u00dc","og_description":"1. SpaReis O\u00dc vastaa matkanj\u00e4rjest\u00e4j\u00e4n\u00e4 siit\u00e4, ett\u00e4 matka toteutetaan sopimuksen mukaisesti ja asiakas saa kaikki matkasuunnitelmassa h\u00e4nelle luvatut palvelut. 2.SpaReis O\u00dc ei vastaa force majeure -tapauksista tai muista, matkanj\u00e4rjest\u00e4j\u00e4st\u00e4 riippumattomista, ylivoimaisista syist\u00e4 johtuneista muutoksista eik\u00e4 niist\u00e4 aiheutuneista vahingoista. 3. Matkan peruuttaminen ja maksun palautus Jos matkustaja peruuttaa matkan t\u00e4ss\u00e4 kohdassa tarkoitetulla perusteella (oma tai l\u00e4hiomaisen [&hellip;]","og_url":"https:\/\/www.spareis.ee\/fi\/matkaehdot\/","og_site_name":"SpaReis O\u00dc","article_modified_time":"2018-03-22T11:26:35+00:00","twitter_card":"summary_large_image","twitter_misc":{"Arvioitu lukuaika":"1 minuutti"},"schema":{"@context":"https:\/\/schema.org","@graph":[{"@type":"WebPage","@id":"https:\/\/www.spareis.ee\/fi\/matkaehdot\/","url":"https:\/\/www.spareis.ee\/fi\/matkaehdot\/","name":"Matkaehdot - SpaReis O\u00dc","isPartOf":{"@id":"https:\/\/www.spareis.ee\/#website"},"datePublished":"2017-12-11T11:51:29+00:00","dateModified":"2018-03-22T11:26:35+00:00","breadcrumb":{"@id":"https:\/\/www.spareis.ee\/fi\/matkaehdot\/#breadcrumb"},"inLanguage":"fi","potentialAction":[{"@type":"ReadAction","target":["https:\/\/www.spareis.ee\/fi\/matkaehdot\/"]}]},{"@type":"BreadcrumbList","@id":"https:\/\/www.spareis.ee\/fi\/matkaehdot\/#breadcrumb","itemListElement":[{"@type":"ListItem","position":1,"name":"Home","item":"https:\/\/www.spareis.ee\/fi\/"},{"@type":"ListItem","position":2,"name":"Matkaehdot"}]},{"@type":"WebSite","@id":"https:\/\/www.spareis.ee\/#website","url":"https:\/\/www.spareis.ee\/","name":"SpaReis O\u00dc","description":"SpaReis on P\u00e4rnu reisikorraldaja, mis viib l\u00e4bi ekskursioone peamiselt P\u00e4rnu linnas ja l\u00e4hi\u00fcmbruses. Meilt v\u00f5ib tellida transporti, majutust ja toitlustust.","potentialAction":[{"@type":"SearchAction","target":{"@type":"EntryPoint","urlTemplate":"https:\/\/www.spareis.ee\/?s={search_term_string}"},"query-input":"required name=search_term_string"}],"inLanguage":"fi"}]}},"_links":{"self":[{"href":"https:\/\/www.spareis.ee\/fi\/wp-json\/wp\/v2\/pages\/101"}],"collection":[{"href":"https:\/\/www.spareis.ee\/fi\/wp-json\/wp\/v2\/pages"}],"about":[{"href":"https:\/\/www.spareis.ee\/fi\/wp-json\/wp\/v2\/types\/page"}],"author":[{"embeddable":true,"href":"https:\/\/www.spareis.ee\/fi\/wp-json\/wp\/v2\/users\/1"}],"replies":[{"embeddable":true,"href":"https:\/\/www.spareis.ee\/fi\/wp-json\/wp\/v2\/comments?post=101"}],"version-history":[{"count":8,"href":"https:\/\/www.spareis.ee\/fi\/wp-json\/wp\/v2\/pages\/101\/revisions"}],"predecessor-version":[{"id":291,"href":"https:\/\/www.spareis.ee\/fi\/wp-json\/wp\/v2\/pages\/101\/revisions\/291"}],"wp:attachment":[{"href":"https:\/\/www.spareis.ee\/fi\/wp-json\/wp\/v2\/media?parent=101"}],"curies":[{"name":"wp","href":"https:\/\/api.w.org\/{rel}","templated":true}]}}