{"id":99,"date":"2017-12-11T13:50:37","date_gmt":"2017-12-11T11:50:37","guid":{"rendered":"http:\/\/www.spareis.ee\/?page_id=99"},"modified":"2018-03-22T13:30:25","modified_gmt":"2018-03-22T11:30:25","slug":"travel-rules","status":"publish","type":"page","link":"https:\/\/www.spareis.ee\/en\/travel-rules\/","title":{"rendered":"Travel rules"},"content":{"rendered":"<p>1. The tour operator <strong>SpaReis O\u00dc<\/strong> is obliged to carry out the travel service in accordance with the service description and guarantees the \u00a0provision of all the \u00a0pomised services to the client.<\/p>\n<p>2. SpaReis O\u00dc is not responsible for\u00a0<i>force majeur\u00a0<\/i>and for other problems and damage which occur due to changes not related to the service provider.<\/p>\n<p>3. Cancellation and refunding are made on the following term<br \/>\nA full refund will be made where there is a valid documented reason ( illness, incl. illness of family members,\u00a0 accident, \u00a0etc.);<\/p>\n<p>4. The tour operator is entitled \u00a0to make changes in the travel arrangements and replace it with\u00a0 equal services if the service (i.e. trip) cannot be provided as planned for, because of unrelated reasons. \u00a0The tour operator has to inform the clients immediately if any changes have been made.<\/p>\n<p>5. The tour operator is \u00a0entitled \u00a0to cancel the travel arrangements and is obliged to make a full refund on the following terms:<br \/>\n5.1 there are not enough clients to carry out the service;<br \/>\n5.2 the travel destination has become dangerous ( due to war, epidemy, \u00a0etc.) or the service can not be \u00a0provided \u00a0(due to strikes, floods, etc.)<\/p>\n<p>6. The client must be aware that with the payment, he\/she agrees to the terms and conditions of the tour operator (clause 3).<\/p>\n<p>7. Any disagreements \u00a0between the client and the tour operator are settled upon the application of the legislation of the Republic of Estonia.<\/p>\n","protected":false},"excerpt":{"rendered":"<p>1. The tour operator SpaReis O\u00dc is obliged to carry out the travel service in accordance with the service description and guarantees the \u00a0provision of all the \u00a0pomised services to the client. 2. SpaReis O\u00dc is not responsible for\u00a0force majeur\u00a0and for other problems and damage which occur due to changes not related to the service [&hellip;]<\/p>\n","protected":false},"author":1,"featured_media":0,"parent":0,"menu_order":0,"comment_status":"closed","ping_status":"closed","template":"","meta":{"_mi_skip_tracking":false,"_monsterinsights_sitenote_active":false,"_monsterinsights_sitenote_note":"","_monsterinsights_sitenote_category":0,"footnotes":""},"yoast_head":"<!-- This site is optimized with the Yoast SEO plugin v21.5 - https:\/\/yoast.com\/wordpress\/plugins\/seo\/ -->\n<title>Travel rules - SpaReis<\/title>\n<meta name=\"robots\" content=\"index, follow, max-snippet:-1, max-image-preview:large, max-video-preview:-1\" \/>\n<link rel=\"canonical\" href=\"https:\/\/www.spareis.ee\/en\/travel-rules\/\" \/>\n<meta property=\"og:locale\" content=\"en_US\" \/>\n<meta property=\"og:type\" content=\"article\" \/>\n<meta property=\"og:title\" content=\"Travel rules - SpaReis\" \/>\n<meta property=\"og:description\" content=\"1. The tour operator SpaReis O\u00dc is obliged to carry out the travel service in accordance with the service description and guarantees the \u00a0provision of all the \u00a0pomised services to the client. 2. SpaReis O\u00dc is not responsible for\u00a0force majeur\u00a0and for other problems and damage which occur due to changes not related to the service [&hellip;]\" \/>\n<meta property=\"og:url\" content=\"https:\/\/www.spareis.ee\/en\/travel-rules\/\" \/>\n<meta property=\"og:site_name\" content=\"SpaReis\" \/>\n<meta property=\"article:modified_time\" content=\"2018-03-22T11:30:25+00:00\" \/>\n<meta name=\"twitter:card\" content=\"summary_large_image\" \/>\n<meta name=\"twitter:label1\" content=\"Est. reading time\" \/>\n\t<meta name=\"twitter:data1\" content=\"1 minute\" \/>\n<script type=\"application\/ld+json\" class=\"yoast-schema-graph\">{\"@context\":\"https:\/\/schema.org\",\"@graph\":[{\"@type\":\"WebPage\",\"@id\":\"https:\/\/www.spareis.ee\/en\/travel-rules\/\",\"url\":\"https:\/\/www.spareis.ee\/en\/travel-rules\/\",\"name\":\"Travel rules - SpaReis\",\"isPartOf\":{\"@id\":\"https:\/\/www.spareis.ee\/#website\"},\"datePublished\":\"2017-12-11T11:50:37+00:00\",\"dateModified\":\"2018-03-22T11:30:25+00:00\",\"breadcrumb\":{\"@id\":\"https:\/\/www.spareis.ee\/en\/travel-rules\/#breadcrumb\"},\"inLanguage\":\"en-US\",\"potentialAction\":[{\"@type\":\"ReadAction\",\"target\":[\"https:\/\/www.spareis.ee\/en\/travel-rules\/\"]}]},{\"@type\":\"BreadcrumbList\",\"@id\":\"https:\/\/www.spareis.ee\/en\/travel-rules\/#breadcrumb\",\"itemListElement\":[{\"@type\":\"ListItem\",\"position\":1,\"name\":\"Home\",\"item\":\"https:\/\/www.spareis.ee\/en\/\"},{\"@type\":\"ListItem\",\"position\":2,\"name\":\"Travel rules\"}]},{\"@type\":\"WebSite\",\"@id\":\"https:\/\/www.spareis.ee\/#website\",\"url\":\"https:\/\/www.spareis.ee\/\",\"name\":\"SpaReis\",\"description\":\"SpaReis on P\u00e4rnu reisikorraldaja, mis viib l\u00e4bi ekskursioone peamiselt P\u00e4rnu linnas ja l\u00e4hi\u00fcmbruses. Meilt v\u00f5ib tellida transporti, majutust ja toitlustust.\",\"potentialAction\":[{\"@type\":\"SearchAction\",\"target\":{\"@type\":\"EntryPoint\",\"urlTemplate\":\"https:\/\/www.spareis.ee\/?s={search_term_string}\"},\"query-input\":\"required name=search_term_string\"}],\"inLanguage\":\"en-US\"}]}<\/script>\n<!-- \/ Yoast SEO plugin. -->","yoast_head_json":{"title":"Travel rules - SpaReis","robots":{"index":"index","follow":"follow","max-snippet":"max-snippet:-1","max-image-preview":"max-image-preview:large","max-video-preview":"max-video-preview:-1"},"canonical":"https:\/\/www.spareis.ee\/en\/travel-rules\/","og_locale":"en_US","og_type":"article","og_title":"Travel rules - SpaReis","og_description":"1. The tour operator SpaReis O\u00dc is obliged to carry out the travel service in accordance with the service description and guarantees the \u00a0provision of all the \u00a0pomised services to the client. 2. SpaReis O\u00dc is not responsible for\u00a0force majeur\u00a0and for other problems and damage which occur due to changes not related to the service [&hellip;]","og_url":"https:\/\/www.spareis.ee\/en\/travel-rules\/","og_site_name":"SpaReis","article_modified_time":"2018-03-22T11:30:25+00:00","twitter_card":"summary_large_image","twitter_misc":{"Est. reading time":"1 minute"},"schema":{"@context":"https:\/\/schema.org","@graph":[{"@type":"WebPage","@id":"https:\/\/www.spareis.ee\/en\/travel-rules\/","url":"https:\/\/www.spareis.ee\/en\/travel-rules\/","name":"Travel rules - SpaReis","isPartOf":{"@id":"https:\/\/www.spareis.ee\/#website"},"datePublished":"2017-12-11T11:50:37+00:00","dateModified":"2018-03-22T11:30:25+00:00","breadcrumb":{"@id":"https:\/\/www.spareis.ee\/en\/travel-rules\/#breadcrumb"},"inLanguage":"en-US","potentialAction":[{"@type":"ReadAction","target":["https:\/\/www.spareis.ee\/en\/travel-rules\/"]}]},{"@type":"BreadcrumbList","@id":"https:\/\/www.spareis.ee\/en\/travel-rules\/#breadcrumb","itemListElement":[{"@type":"ListItem","position":1,"name":"Home","item":"https:\/\/www.spareis.ee\/en\/"},{"@type":"ListItem","position":2,"name":"Travel rules"}]},{"@type":"WebSite","@id":"https:\/\/www.spareis.ee\/#website","url":"https:\/\/www.spareis.ee\/","name":"SpaReis","description":"SpaReis on P\u00e4rnu reisikorraldaja, mis viib l\u00e4bi ekskursioone peamiselt P\u00e4rnu linnas ja l\u00e4hi\u00fcmbruses. Meilt v\u00f5ib tellida transporti, majutust ja toitlustust.","potentialAction":[{"@type":"SearchAction","target":{"@type":"EntryPoint","urlTemplate":"https:\/\/www.spareis.ee\/?s={search_term_string}"},"query-input":"required name=search_term_string"}],"inLanguage":"en-US"}]}},"_links":{"self":[{"href":"https:\/\/www.spareis.ee\/en\/wp-json\/wp\/v2\/pages\/99"}],"collection":[{"href":"https:\/\/www.spareis.ee\/en\/wp-json\/wp\/v2\/pages"}],"about":[{"href":"https:\/\/www.spareis.ee\/en\/wp-json\/wp\/v2\/types\/page"}],"author":[{"embeddable":true,"href":"https:\/\/www.spareis.ee\/en\/wp-json\/wp\/v2\/users\/1"}],"replies":[{"embeddable":true,"href":"https:\/\/www.spareis.ee\/en\/wp-json\/wp\/v2\/comments?post=99"}],"version-history":[{"count":7,"href":"https:\/\/www.spareis.ee\/en\/wp-json\/wp\/v2\/pages\/99\/revisions"}],"predecessor-version":[{"id":293,"href":"https:\/\/www.spareis.ee\/en\/wp-json\/wp\/v2\/pages\/99\/revisions\/293"}],"wp:attachment":[{"href":"https:\/\/www.spareis.ee\/en\/wp-json\/wp\/v2\/media?parent=99"}],"curies":[{"name":"wp","href":"https:\/\/api.w.org\/{rel}","templated":true}]}}