{"id":86,"date":"2017-12-11T13:44:52","date_gmt":"2017-12-11T11:44:52","guid":{"rendered":"http:\/\/www.spareis.ee\/?page_id=86"},"modified":"2023-07-06T19:53:21","modified_gmt":"2023-07-06T17:53:21","slug":"tours-from-parnu","status":"publish","type":"page","link":"https:\/\/www.spareis.ee\/en\/tours\/tours-from-parnu\/","title":{"rendered":"Tours from P\u00e4rnu"},"content":{"rendered":"<section class=\"wpb-content-wrapper\"><p>[vc_row][vc_column][vc_column_text]<\/p>\n<h3>Tori and Soomaa National Park<\/h3>\n<p><b>Duration<\/b>: 5 h\u00a0\u00a0Transport from P\u00e4rnu,\u00a0 a guided tour, coffee break.\u00a0<strong>Info:\u00a0<\/strong><a href=\"mailto:info@spareis.ee\">info@spareis.ee<\/a>[\/vc_column_text][vc_row_inner][vc_column_inner width=&#8221;2\/6&#8243;][vc_single_image image=&#8221;53&#8243; img_size=&#8221;300&#215;224&#8243;][\/vc_column_inner][vc_column_inner width=&#8221;4\/6&#8243;][vc_column_text]This tour takes you to the Soomaa National Park, located 37 kilometres from\u00a0P\u00e4rnu. We\u00a0 drive through Sindi, a town that is known for its\u00a0historic textile mill.\u00a0The tour continues to Tori, where you can see a well-preserved village\u00a0centre \u2013 a church, an inn and a stud farm. There is a mysterious cave known as Tori Hell in the\u00a0steep riverbank in Tori. The tour\u00a0 continues to Soomaa National Park which is famous for its\u00a0fifth season: in some years the spring floods have risen by a meter a day. A short trek across a boardwalk over a bog, brings us to \u00a0the centre of the National Park to look at the exhibition of\u00a0Soomaa\u2019s nature.[\/vc_column_text][\/vc_column_inner][\/vc_row_inner][vc_separator][\/vc_column][\/vc_row][vc_row][vc_column][vc_column_text]<\/p>\n<h3><b>Pearls of P\u00e4rnu County \u2013 T\u00f5stamaa Manor and Villa Andropoff<\/b><\/h3>\n<p><b>Duration<\/b>: ca 5 h\u00a0 Transport from P\u00e4rnu,\u00a0 a guided tour, coffee break, manor entrance fee.\u00a0<strong>Info:\u00a0<\/strong><a href=\"mailto:info@spareis.ee\">info@spareis.ee<\/a>[\/vc_column_text][vc_row_inner][vc_column_inner width=&#8221;2\/6&#8243;][vc_single_image image=&#8221;56&#8243; img_size=&#8221;300&#215;224&#8243;][\/vc_column_inner][vc_column_inner width=&#8221;4\/6&#8243;][vc_column_text]The tour takes you to the western part of P\u00e4rnu County, which is known\u00a0for its pure and unspoiled nature, coastal villages, old churches and manor\u00a0buildings.\u00a0You\u00a0 visit the beautifully restored T\u00f5stamaa Manor with \u00a0its colourful\u00a0history. \u00a0The manor has many impressive\u00a0features such as the wall and ceiling murals, main staircase and a room\u00a0under the mantel chimney. Then we drive to Audru village, where you can see an old manor complex and church. A 2.5 kilometre polder takes you from Audru to Valgeranna beach. It was set up to avoid flooding the coastland of P\u00e4rnu Bay. The polder has become a\u00a0stopover for many migratory birds. Villa Andropoff is a holiday centre, known for its beautiful location. It\u00a0was built for the Soviet Communist Party leaders. There will be a coffee\u00a0break in the main house which has a beautiful sea view. You may take a walk to the white, sandy beach.[\/vc_column_text][\/vc_column_inner][\/vc_row_inner][vc_separator][\/vc_column][\/vc_row][vc_row][vc_column][vc_column_text]<\/p>\n<h3><b>Kihnu Island<\/b><\/h3>\n<p><b>Duration<\/b>: ca 10 h\u00a0\u00a0Transport from P\u00e4rnu,\u00a0 a guided tour, ferry tickets, excursion in Kihnu, access to the museum and church, lunch.\u00a0<strong>Info:\u00a0<\/strong><a href=\"mailto:info@spareis.ee\">info@spareis.ee<\/a>[\/vc_column_text][vc_row_inner][vc_column_inner width=&#8221;2\/6&#8243;][vc_single_image image=&#8221;57&#8243; img_size=&#8221;300&#215;224&#8243;][\/vc_column_inner][vc_column_inner width=&#8221;4\/6&#8243;][vc_column_text]Take a \u00a0chance \u00a0to visit Kihnu island which is only a few hours away from P\u00e4rnu. For many years, the men of Kihnu\u00a0have frequently gone to sea while the women ran the island and became the\u00a0guardians of the island\u2019s cultural heritage. That includes handicrafts,\u00a0dances, games and music. The islanders \u00a0\u00a0wear their national costumes\u00a0in every day life. The Kihnu cultural heritage is included in \u00a0the list of UNESCO. Kihnu is the largest island in the Gulf of Riga. The\u00a0island has four villages with a total population of over 500 people.\u00a0The ferry to Kihnu departs from Munalaiu port which is 45 km from P\u00e4rnu.\u00a0 The trip to the island takes 50 minutes. The exotic tour\u00a0 starts on an open lorry, where you can learn about the\u00a0life and traditions on the island. In addition to the museum and the church\u00a0you\u00a0 have the opportunity to climb to the top of a \u00a0lighthouse and familiarise yourself with the shipping history in the old power station. There\u00a0is an open-air diner at the Linak\u00fcla campsite, where you are able to enjoy\u00a0a delicious fish lunch.\u00a0The ferry departs from Kihnu to Munalaid in the afternoon.[\/vc_column_text][\/vc_column_inner][\/vc_row_inner][vc_separator][\/vc_column][\/vc_row][vc_row][vc_column][vc_column_text]<\/p>\n<h3><b>Viljandi town and Olustvere Manor<\/b><\/h3>\n<p><b>Duration:<\/b>\u00a0ca 5,5 h\u00a0\u00a0Transport from P\u00e4rnu,\u00a0 a guided tour, entrance to the Olustvere Manor, light lunch and coffee break.\u00a0<strong>Info:\u00a0<\/strong><a href=\"mailto:info@spareis.ee\">info@spareis.ee<\/a>[\/vc_column_text][vc_row_inner][vc_column_inner width=&#8221;2\/6&#8243;][vc_single_image image=&#8221;131&#8243; img_size=&#8221;300&#215;224&#8243;][\/vc_column_inner][vc_column_inner width=&#8221;4\/6&#8243;][vc_column_text]Viljandi is an ancient hilltop city in South Estonia, topped by impressive\u00a0ruins of a once-powerful Livonian Order castle. Cobbled streets, ancient\u00a0oak trees and a beautiful lake conjure up a very special atmosphere.\u00a0This small city is the \u201ccapital of folk music\u201d for most Estonians. We have a walk in the old town and castle ruins. Olustvere Manor is one of the best preserved manor complexes in Estonia.\u00a0After a coffee break in the manor we walk in the park and explore other buildings. There are\u00a0\u00a0 handicraft,\u00a0wool and ceramics workshops, the smithy and the distillery. We can see typical landscapes of P\u00e4rnu Lowland, such as\u00a0fields, forests, rivers and swamps and pass small towns like Suure-Jaani, V\u00e4ndra,\u00a0Tori and Sindi.[\/vc_column_text][\/vc_column_inner][\/vc_row_inner][vc_separator][\/vc_column][\/vc_row][vc_row][vc_column][vc_column_text]<\/p>\n<h3><b>Through the coastal villages to Latvia<\/b><\/h3>\n<p><b>Duration: ca<\/b>\u00a05 h\u00a0\u00a0Transport from P\u00e4rnu,\u00a0 a guided tour, coffee break.\u00a0<strong>Info:\u00a0<\/strong><a href=\"mailto:info@spareis.ee\">info@spareis.ee<\/a>[\/vc_column_text][vc_row_inner][vc_column_inner width=&#8221;2\/6&#8243;][vc_single_image image=&#8221;54&#8243; img_size=&#8221;300&#215;224&#8243;][\/vc_column_inner][vc_column_inner width=&#8221;4\/6&#8243;][vc_column_text]Coastal villages are waiting for\u00a0 visitors! A half day tour takes us to the bordering Republic of Latvia through the lovely coastal villages of P\u00e4rnu County. We learn about sailing history and its influence on the local life. We see beautiful landscapes in the Luitemaa National Reserve and admire pine forests and coastal dunes. In 1864 the oldest Nautical School of Baltics was established\u00a0 in Aina\u017ei (65 km from P\u00e4rnu) to teach both Estonians and Latvians to become captains or steersmen.\u00a0On the way back we drive along the popular holiday area and\u00a0 stop in the beautiful coastal village of Kabli. We see the beach and the Kabli bird-ringing centre. H\u00e4\u00e4demeeste has been an important site for building sailing ships. Today it is known for its mineral water.[\/vc_column_text][\/vc_column_inner][\/vc_row_inner][vc_separator][\/vc_column][\/vc_row][vc_row][vc_column][vc_column_text]<\/p>\n<h3><b>Riga \u2013 the capital of Latvia\u00a0<\/b><\/h3>\n<p><b>Duration: ca\u00a0<\/b>10 h<b>\u00a0 <\/b>Transport from P\u00e4rnu, a \u00a0guided tour. <strong>Info:\u00a0<\/strong><a href=\"mailto:info@spareis.ee\">info@spareis.ee<\/a>[\/vc_column_text][vc_row_inner][vc_column_inner width=&#8221;2\/6&#8243;][vc_single_image image=&#8221;55&#8243; img_size=&#8221;300&#215;224&#8243;][\/vc_column_inner][vc_column_inner width=&#8221;4\/6&#8243;][vc_column_text]Only a few hours drive (186 km) from P\u00e4rnu, lies the largest city in the Baltic States, which is worth a visit at any time of the year. Riga was founded in 1201 and is a former Hanseatic League member. Riga\u00b4s historical centre is a UNESCO world Heritage Site, noted for its Art Nouveau and 19th century wooden architecture. On the way, you hear about the history and present day of Latvia and there will be a short stop for coffee. A walking tour is by far the best way to explore Riga. Let\u00b4s have a look at the House of Black Heads, St.Peter\u00b4s Church, The Cathedral, Little Guild and Big Guild, Three Brothers, R.Wagner Street and walk through the old Swedish Gate. After the tour you have some \u00a0free time (app. 3 hours) to explore the Old Town on your own or enjoy a meal in a cozy restaurant or street cafe. There are lots of small boutiques and a large department store\u00a0<i>Centrs\u00a0<\/i>for shopping. Interesting exhibition halls and museums are also worth a visit. Lunch can be added for an extra cost. Be sure to bring your passport or ID card with you[\/vc_column_text][\/vc_column_inner][\/vc_row_inner][\/vc_column][\/vc_row]<\/p>\n<\/section>","protected":false},"excerpt":{"rendered":"<p>[vc_row][vc_column][vc_column_text] Tori and Soomaa National Park Duration: 5 h\u00a0\u00a0Transport from P\u00e4rnu,\u00a0 a guided tour, coffee break.\u00a0Info:\u00a0info@spareis.ee[\/vc_column_text][vc_row_inner][vc_column_inner width=&#8221;2\/6&#8243;][vc_single_image image=&#8221;53&#8243; img_size=&#8221;300&#215;224&#8243;][\/vc_column_inner][vc_column_inner width=&#8221;4\/6&#8243;][vc_column_text]This tour takes you to the Soomaa National Park, located 37 kilometres from\u00a0P\u00e4rnu. We\u00a0 drive through Sindi, a town that is known for its\u00a0historic textile mill.\u00a0The tour continues to Tori, where you can see a well-preserved [&hellip;]<\/p>\n","protected":false},"author":1,"featured_media":0,"parent":82,"menu_order":0,"comment_status":"closed","ping_status":"closed","template":"","meta":{"_mi_skip_tracking":false,"_monsterinsights_sitenote_active":false,"_monsterinsights_sitenote_note":"","_monsterinsights_sitenote_category":0,"footnotes":""},"yoast_head":"<!-- This site is optimized with the Yoast SEO plugin v21.5 - https:\/\/yoast.com\/wordpress\/plugins\/seo\/ -->\n<title>Tours from P\u00e4rnu - SpaReis<\/title>\n<meta name=\"robots\" content=\"index, follow, max-snippet:-1, max-image-preview:large, max-video-preview:-1\" \/>\n<link rel=\"canonical\" href=\"https:\/\/www.spareis.ee\/en\/tours\/tours-from-parnu\/\" \/>\n<meta property=\"og:locale\" content=\"en_US\" \/>\n<meta property=\"og:type\" content=\"article\" \/>\n<meta property=\"og:title\" content=\"Tours from P\u00e4rnu - SpaReis\" \/>\n<meta property=\"og:description\" content=\"[vc_row][vc_column][vc_column_text] Tori and Soomaa National Park Duration: 5 h\u00a0\u00a0Transport from P\u00e4rnu,\u00a0 a guided tour, coffee break.\u00a0Info:\u00a0info@spareis.ee[\/vc_column_text][vc_row_inner][vc_column_inner width=&#8221;2\/6&#8243;][vc_single_image image=&#8221;53&#8243; img_size=&#8221;300&#215;224&#8243;][\/vc_column_inner][vc_column_inner width=&#8221;4\/6&#8243;][vc_column_text]This tour takes you to the Soomaa National Park, located 37 kilometres from\u00a0P\u00e4rnu. We\u00a0 drive through Sindi, a town that is known for its\u00a0historic textile mill.\u00a0The tour continues to Tori, where you can see a well-preserved [&hellip;]\" \/>\n<meta property=\"og:url\" content=\"https:\/\/www.spareis.ee\/en\/tours\/tours-from-parnu\/\" \/>\n<meta property=\"og:site_name\" content=\"SpaReis\" \/>\n<meta property=\"article:modified_time\" content=\"2023-07-06T17:53:21+00:00\" \/>\n<meta name=\"twitter:card\" content=\"summary_large_image\" \/>\n<meta name=\"twitter:label1\" content=\"Est. reading time\" \/>\n\t<meta name=\"twitter:data1\" content=\"6 minutes\" \/>\n<script type=\"application\/ld+json\" class=\"yoast-schema-graph\">{\"@context\":\"https:\/\/schema.org\",\"@graph\":[{\"@type\":\"WebPage\",\"@id\":\"https:\/\/www.spareis.ee\/en\/tours\/tours-from-parnu\/\",\"url\":\"https:\/\/www.spareis.ee\/en\/tours\/tours-from-parnu\/\",\"name\":\"Tours from P\u00e4rnu - SpaReis\",\"isPartOf\":{\"@id\":\"https:\/\/www.spareis.ee\/#website\"},\"datePublished\":\"2017-12-11T11:44:52+00:00\",\"dateModified\":\"2023-07-06T17:53:21+00:00\",\"breadcrumb\":{\"@id\":\"https:\/\/www.spareis.ee\/en\/tours\/tours-from-parnu\/#breadcrumb\"},\"inLanguage\":\"en-US\",\"potentialAction\":[{\"@type\":\"ReadAction\",\"target\":[\"https:\/\/www.spareis.ee\/en\/tours\/tours-from-parnu\/\"]}]},{\"@type\":\"BreadcrumbList\",\"@id\":\"https:\/\/www.spareis.ee\/en\/tours\/tours-from-parnu\/#breadcrumb\",\"itemListElement\":[{\"@type\":\"ListItem\",\"position\":1,\"name\":\"Home\",\"item\":\"https:\/\/www.spareis.ee\/en\/\"},{\"@type\":\"ListItem\",\"position\":2,\"name\":\"Tours\",\"item\":\"https:\/\/www.spareis.ee\/en\/tours\/\"},{\"@type\":\"ListItem\",\"position\":3,\"name\":\"Tours from P\u00e4rnu\"}]},{\"@type\":\"WebSite\",\"@id\":\"https:\/\/www.spareis.ee\/#website\",\"url\":\"https:\/\/www.spareis.ee\/\",\"name\":\"SpaReis\",\"description\":\"SpaReis on P\u00e4rnu reisikorraldaja, mis viib l\u00e4bi ekskursioone peamiselt P\u00e4rnu linnas ja l\u00e4hi\u00fcmbruses. Meilt v\u00f5ib tellida transporti, majutust ja toitlustust.\",\"potentialAction\":[{\"@type\":\"SearchAction\",\"target\":{\"@type\":\"EntryPoint\",\"urlTemplate\":\"https:\/\/www.spareis.ee\/?s={search_term_string}\"},\"query-input\":\"required name=search_term_string\"}],\"inLanguage\":\"en-US\"}]}<\/script>\n<!-- \/ Yoast SEO plugin. -->","yoast_head_json":{"title":"Tours from P\u00e4rnu - SpaReis","robots":{"index":"index","follow":"follow","max-snippet":"max-snippet:-1","max-image-preview":"max-image-preview:large","max-video-preview":"max-video-preview:-1"},"canonical":"https:\/\/www.spareis.ee\/en\/tours\/tours-from-parnu\/","og_locale":"en_US","og_type":"article","og_title":"Tours from P\u00e4rnu - SpaReis","og_description":"[vc_row][vc_column][vc_column_text] Tori and Soomaa National Park Duration: 5 h\u00a0\u00a0Transport from P\u00e4rnu,\u00a0 a guided tour, coffee break.\u00a0Info:\u00a0info@spareis.ee[\/vc_column_text][vc_row_inner][vc_column_inner width=&#8221;2\/6&#8243;][vc_single_image image=&#8221;53&#8243; img_size=&#8221;300&#215;224&#8243;][\/vc_column_inner][vc_column_inner width=&#8221;4\/6&#8243;][vc_column_text]This tour takes you to the Soomaa National Park, located 37 kilometres from\u00a0P\u00e4rnu. We\u00a0 drive through Sindi, a town that is known for its\u00a0historic textile mill.\u00a0The tour continues to Tori, where you can see a well-preserved [&hellip;]","og_url":"https:\/\/www.spareis.ee\/en\/tours\/tours-from-parnu\/","og_site_name":"SpaReis","article_modified_time":"2023-07-06T17:53:21+00:00","twitter_card":"summary_large_image","twitter_misc":{"Est. reading time":"6 minutes"},"schema":{"@context":"https:\/\/schema.org","@graph":[{"@type":"WebPage","@id":"https:\/\/www.spareis.ee\/en\/tours\/tours-from-parnu\/","url":"https:\/\/www.spareis.ee\/en\/tours\/tours-from-parnu\/","name":"Tours from P\u00e4rnu - SpaReis","isPartOf":{"@id":"https:\/\/www.spareis.ee\/#website"},"datePublished":"2017-12-11T11:44:52+00:00","dateModified":"2023-07-06T17:53:21+00:00","breadcrumb":{"@id":"https:\/\/www.spareis.ee\/en\/tours\/tours-from-parnu\/#breadcrumb"},"inLanguage":"en-US","potentialAction":[{"@type":"ReadAction","target":["https:\/\/www.spareis.ee\/en\/tours\/tours-from-parnu\/"]}]},{"@type":"BreadcrumbList","@id":"https:\/\/www.spareis.ee\/en\/tours\/tours-from-parnu\/#breadcrumb","itemListElement":[{"@type":"ListItem","position":1,"name":"Home","item":"https:\/\/www.spareis.ee\/en\/"},{"@type":"ListItem","position":2,"name":"Tours","item":"https:\/\/www.spareis.ee\/en\/tours\/"},{"@type":"ListItem","position":3,"name":"Tours from P\u00e4rnu"}]},{"@type":"WebSite","@id":"https:\/\/www.spareis.ee\/#website","url":"https:\/\/www.spareis.ee\/","name":"SpaReis","description":"SpaReis on P\u00e4rnu reisikorraldaja, mis viib l\u00e4bi ekskursioone peamiselt P\u00e4rnu linnas ja l\u00e4hi\u00fcmbruses. Meilt v\u00f5ib tellida transporti, majutust ja toitlustust.","potentialAction":[{"@type":"SearchAction","target":{"@type":"EntryPoint","urlTemplate":"https:\/\/www.spareis.ee\/?s={search_term_string}"},"query-input":"required name=search_term_string"}],"inLanguage":"en-US"}]}},"_links":{"self":[{"href":"https:\/\/www.spareis.ee\/en\/wp-json\/wp\/v2\/pages\/86"}],"collection":[{"href":"https:\/\/www.spareis.ee\/en\/wp-json\/wp\/v2\/pages"}],"about":[{"href":"https:\/\/www.spareis.ee\/en\/wp-json\/wp\/v2\/types\/page"}],"author":[{"embeddable":true,"href":"https:\/\/www.spareis.ee\/en\/wp-json\/wp\/v2\/users\/1"}],"replies":[{"embeddable":true,"href":"https:\/\/www.spareis.ee\/en\/wp-json\/wp\/v2\/comments?post=86"}],"version-history":[{"count":11,"href":"https:\/\/www.spareis.ee\/en\/wp-json\/wp\/v2\/pages\/86\/revisions"}],"predecessor-version":[{"id":494,"href":"https:\/\/www.spareis.ee\/en\/wp-json\/wp\/v2\/pages\/86\/revisions\/494"}],"up":[{"embeddable":true,"href":"https:\/\/www.spareis.ee\/en\/wp-json\/wp\/v2\/pages\/82"}],"wp:attachment":[{"href":"https:\/\/www.spareis.ee\/en\/wp-json\/wp\/v2\/media?parent=86"}],"curies":[{"name":"wp","href":"https:\/\/api.w.org\/{rel}","templated":true}]}}