{"id":82,"date":"2017-12-11T13:43:34","date_gmt":"2017-12-11T11:43:34","guid":{"rendered":"http:\/\/www.spareis.ee\/?page_id=82"},"modified":"2017-12-11T16:54:51","modified_gmt":"2017-12-11T14:54:51","slug":"tours","status":"publish","type":"page","link":"https:\/\/www.spareis.ee\/en\/tours\/","title":{"rendered":"Tours"},"content":{"rendered":"<section class=\"wpb-content-wrapper\"><p>[vc_row][vc_column width=&#8221;1\/3&#8243;][vc_column_text]<\/p>\n<h4>P\u00e4rnu tours<\/h4>\n<p>[\/vc_column_text][vc_single_image image=&#8221;159&#8243; img_size=&#8221;200&#215;200&#8243; onclick=&#8221;custom_link&#8221; css_animation=&#8221;fadeIn&#8221; link=&#8221;https:\/\/www.spareis.ee\/en\/tours\/tours-in-parnu\/&#8221;][\/vc_column][vc_column width=&#8221;1\/3&#8243;][vc_column_text]<\/p>\n<h4>P\u00e4rnu sightseeing in a different way<\/h4>\n<p>[\/vc_column_text][vc_single_image image=&#8221;160&#8243; img_size=&#8221;200&#215;200&#8243; onclick=&#8221;custom_link&#8221; css_animation=&#8221;fadeIn&#8221; link=&#8221;https:\/\/www.spareis.ee\/en\/tours\/parnu-sightseeing-different-way\/&#8221;][\/vc_column][vc_column width=&#8221;1\/3&#8243;][vc_column_text]<\/p>\n<h4>Tours from P\u00e4rnu<\/h4>\n<p>[\/vc_column_text][vc_single_image image=&#8221;58&#8243; img_size=&#8221;200&#215;200&#8243; onclick=&#8221;custom_link&#8221; css_animation=&#8221;fadeIn&#8221; link=&#8221;https:\/\/www.spareis.ee\/en\/tours\/tours-from-parnu\/&#8221;][\/vc_column][\/vc_row]<\/p>\n<\/section>","protected":false},"excerpt":{"rendered":"<p>[vc_row][vc_column width=&#8221;1\/3&#8243;][vc_column_text] P\u00e4rnu tours [\/vc_column_text][vc_single_image image=&#8221;159&#8243; img_size=&#8221;200&#215;200&#8243; onclick=&#8221;custom_link&#8221; css_animation=&#8221;fadeIn&#8221; link=&#8221;https:\/\/www.spareis.ee\/en\/tours\/tours-in-parnu\/&#8221;][\/vc_column][vc_column width=&#8221;1\/3&#8243;][vc_column_text] P\u00e4rnu sightseeing in a different way [\/vc_column_text][vc_single_image image=&#8221;160&#8243; img_size=&#8221;200&#215;200&#8243; onclick=&#8221;custom_link&#8221; css_animation=&#8221;fadeIn&#8221; link=&#8221;https:\/\/www.spareis.ee\/en\/tours\/parnu-sightseeing-different-way\/&#8221;][\/vc_column][vc_column width=&#8221;1\/3&#8243;][vc_column_text] Tours from P\u00e4rnu [\/vc_column_text][vc_single_image image=&#8221;58&#8243; img_size=&#8221;200&#215;200&#8243; onclick=&#8221;custom_link&#8221; css_animation=&#8221;fadeIn&#8221; link=&#8221;https:\/\/www.spareis.ee\/en\/tours\/tours-from-parnu\/&#8221;][\/vc_column][\/vc_row]<\/p>\n","protected":false},"author":1,"featured_media":0,"parent":0,"menu_order":0,"comment_status":"closed","ping_status":"closed","template":"","meta":{"_mi_skip_tracking":false,"_monsterinsights_sitenote_active":false,"_monsterinsights_sitenote_note":"","_monsterinsights_sitenote_category":0,"footnotes":""},"yoast_head":"<!-- This site is optimized with the Yoast SEO plugin v21.5 - https:\/\/yoast.com\/wordpress\/plugins\/seo\/ -->\n<title>Tours - SpaReis<\/title>\n<meta name=\"robots\" content=\"index, follow, max-snippet:-1, max-image-preview:large, max-video-preview:-1\" \/>\n<link rel=\"canonical\" href=\"https:\/\/www.spareis.ee\/en\/tours\/\" \/>\n<meta property=\"og:locale\" content=\"en_US\" \/>\n<meta property=\"og:type\" content=\"article\" \/>\n<meta property=\"og:title\" content=\"Tours - SpaReis\" \/>\n<meta property=\"og:description\" content=\"[vc_row][vc_column width=&#8221;1\/3&#8243;][vc_column_text] P\u00e4rnu tours [\/vc_column_text][vc_single_image image=&#8221;159&#8243; img_size=&#8221;200&#215;200&#8243; onclick=&#8221;custom_link&#8221; css_animation=&#8221;fadeIn&#8221; link=&#8221;https:\/\/www.spareis.ee\/en\/tours\/tours-in-parnu\/&#8221;][\/vc_column][vc_column width=&#8221;1\/3&#8243;][vc_column_text] P\u00e4rnu sightseeing in a different way [\/vc_column_text][vc_single_image image=&#8221;160&#8243; img_size=&#8221;200&#215;200&#8243; onclick=&#8221;custom_link&#8221; css_animation=&#8221;fadeIn&#8221; link=&#8221;https:\/\/www.spareis.ee\/en\/tours\/parnu-sightseeing-different-way\/&#8221;][\/vc_column][vc_column width=&#8221;1\/3&#8243;][vc_column_text] Tours from P\u00e4rnu [\/vc_column_text][vc_single_image image=&#8221;58&#8243; img_size=&#8221;200&#215;200&#8243; onclick=&#8221;custom_link&#8221; css_animation=&#8221;fadeIn&#8221; link=&#8221;https:\/\/www.spareis.ee\/en\/tours\/tours-from-parnu\/&#8221;][\/vc_column][\/vc_row]\" \/>\n<meta property=\"og:url\" content=\"https:\/\/www.spareis.ee\/en\/tours\/\" \/>\n<meta property=\"og:site_name\" content=\"SpaReis\" \/>\n<meta property=\"article:modified_time\" content=\"2017-12-11T14:54:51+00:00\" \/>\n<meta name=\"twitter:card\" content=\"summary_large_image\" \/>\n<meta name=\"twitter:label1\" content=\"Est. reading time\" \/>\n\t<meta name=\"twitter:data1\" content=\"1 minute\" \/>\n<script type=\"application\/ld+json\" class=\"yoast-schema-graph\">{\"@context\":\"https:\/\/schema.org\",\"@graph\":[{\"@type\":\"WebPage\",\"@id\":\"https:\/\/www.spareis.ee\/en\/tours\/\",\"url\":\"https:\/\/www.spareis.ee\/en\/tours\/\",\"name\":\"Tours - SpaReis\",\"isPartOf\":{\"@id\":\"https:\/\/www.spareis.ee\/#website\"},\"datePublished\":\"2017-12-11T11:43:34+00:00\",\"dateModified\":\"2017-12-11T14:54:51+00:00\",\"breadcrumb\":{\"@id\":\"https:\/\/www.spareis.ee\/en\/tours\/#breadcrumb\"},\"inLanguage\":\"en-US\",\"potentialAction\":[{\"@type\":\"ReadAction\",\"target\":[\"https:\/\/www.spareis.ee\/en\/tours\/\"]}]},{\"@type\":\"BreadcrumbList\",\"@id\":\"https:\/\/www.spareis.ee\/en\/tours\/#breadcrumb\",\"itemListElement\":[{\"@type\":\"ListItem\",\"position\":1,\"name\":\"Home\",\"item\":\"https:\/\/www.spareis.ee\/en\/\"},{\"@type\":\"ListItem\",\"position\":2,\"name\":\"Tours\"}]},{\"@type\":\"WebSite\",\"@id\":\"https:\/\/www.spareis.ee\/#website\",\"url\":\"https:\/\/www.spareis.ee\/\",\"name\":\"SpaReis\",\"description\":\"SpaReis on P\u00e4rnu reisikorraldaja, mis viib l\u00e4bi ekskursioone peamiselt P\u00e4rnu linnas ja l\u00e4hi\u00fcmbruses. Meilt v\u00f5ib tellida transporti, majutust ja toitlustust.\",\"potentialAction\":[{\"@type\":\"SearchAction\",\"target\":{\"@type\":\"EntryPoint\",\"urlTemplate\":\"https:\/\/www.spareis.ee\/?s={search_term_string}\"},\"query-input\":\"required name=search_term_string\"}],\"inLanguage\":\"en-US\"}]}<\/script>\n<!-- \/ Yoast SEO plugin. -->","yoast_head_json":{"title":"Tours - SpaReis","robots":{"index":"index","follow":"follow","max-snippet":"max-snippet:-1","max-image-preview":"max-image-preview:large","max-video-preview":"max-video-preview:-1"},"canonical":"https:\/\/www.spareis.ee\/en\/tours\/","og_locale":"en_US","og_type":"article","og_title":"Tours - SpaReis","og_description":"[vc_row][vc_column width=&#8221;1\/3&#8243;][vc_column_text] P\u00e4rnu tours [\/vc_column_text][vc_single_image image=&#8221;159&#8243; img_size=&#8221;200&#215;200&#8243; onclick=&#8221;custom_link&#8221; css_animation=&#8221;fadeIn&#8221; link=&#8221;https:\/\/www.spareis.ee\/en\/tours\/tours-in-parnu\/&#8221;][\/vc_column][vc_column width=&#8221;1\/3&#8243;][vc_column_text] P\u00e4rnu sightseeing in a different way [\/vc_column_text][vc_single_image image=&#8221;160&#8243; img_size=&#8221;200&#215;200&#8243; onclick=&#8221;custom_link&#8221; css_animation=&#8221;fadeIn&#8221; link=&#8221;https:\/\/www.spareis.ee\/en\/tours\/parnu-sightseeing-different-way\/&#8221;][\/vc_column][vc_column width=&#8221;1\/3&#8243;][vc_column_text] Tours from P\u00e4rnu [\/vc_column_text][vc_single_image image=&#8221;58&#8243; img_size=&#8221;200&#215;200&#8243; onclick=&#8221;custom_link&#8221; css_animation=&#8221;fadeIn&#8221; link=&#8221;https:\/\/www.spareis.ee\/en\/tours\/tours-from-parnu\/&#8221;][\/vc_column][\/vc_row]","og_url":"https:\/\/www.spareis.ee\/en\/tours\/","og_site_name":"SpaReis","article_modified_time":"2017-12-11T14:54:51+00:00","twitter_card":"summary_large_image","twitter_misc":{"Est. reading time":"1 minute"},"schema":{"@context":"https:\/\/schema.org","@graph":[{"@type":"WebPage","@id":"https:\/\/www.spareis.ee\/en\/tours\/","url":"https:\/\/www.spareis.ee\/en\/tours\/","name":"Tours - SpaReis","isPartOf":{"@id":"https:\/\/www.spareis.ee\/#website"},"datePublished":"2017-12-11T11:43:34+00:00","dateModified":"2017-12-11T14:54:51+00:00","breadcrumb":{"@id":"https:\/\/www.spareis.ee\/en\/tours\/#breadcrumb"},"inLanguage":"en-US","potentialAction":[{"@type":"ReadAction","target":["https:\/\/www.spareis.ee\/en\/tours\/"]}]},{"@type":"BreadcrumbList","@id":"https:\/\/www.spareis.ee\/en\/tours\/#breadcrumb","itemListElement":[{"@type":"ListItem","position":1,"name":"Home","item":"https:\/\/www.spareis.ee\/en\/"},{"@type":"ListItem","position":2,"name":"Tours"}]},{"@type":"WebSite","@id":"https:\/\/www.spareis.ee\/#website","url":"https:\/\/www.spareis.ee\/","name":"SpaReis","description":"SpaReis on P\u00e4rnu reisikorraldaja, mis viib l\u00e4bi ekskursioone peamiselt P\u00e4rnu linnas ja l\u00e4hi\u00fcmbruses. Meilt v\u00f5ib tellida transporti, majutust ja toitlustust.","potentialAction":[{"@type":"SearchAction","target":{"@type":"EntryPoint","urlTemplate":"https:\/\/www.spareis.ee\/?s={search_term_string}"},"query-input":"required name=search_term_string"}],"inLanguage":"en-US"}]}},"_links":{"self":[{"href":"https:\/\/www.spareis.ee\/en\/wp-json\/wp\/v2\/pages\/82"}],"collection":[{"href":"https:\/\/www.spareis.ee\/en\/wp-json\/wp\/v2\/pages"}],"about":[{"href":"https:\/\/www.spareis.ee\/en\/wp-json\/wp\/v2\/types\/page"}],"author":[{"embeddable":true,"href":"https:\/\/www.spareis.ee\/en\/wp-json\/wp\/v2\/users\/1"}],"replies":[{"embeddable":true,"href":"https:\/\/www.spareis.ee\/en\/wp-json\/wp\/v2\/comments?post=82"}],"version-history":[{"count":5,"href":"https:\/\/www.spareis.ee\/en\/wp-json\/wp\/v2\/pages\/82\/revisions"}],"predecessor-version":[{"id":162,"href":"https:\/\/www.spareis.ee\/en\/wp-json\/wp\/v2\/pages\/82\/revisions\/162"}],"wp:attachment":[{"href":"https:\/\/www.spareis.ee\/en\/wp-json\/wp\/v2\/media?parent=82"}],"curies":[{"name":"wp","href":"https:\/\/api.w.org\/{rel}","templated":true}]}}