{"id":74,"date":"2017-12-11T13:38:30","date_gmt":"2017-12-11T11:38:30","guid":{"rendered":"http:\/\/www.spareis.ee\/?page_id=74"},"modified":"2018-01-15T16:25:34","modified_gmt":"2018-01-15T14:25:34","slug":"homepage","status":"publish","type":"page","link":"https:\/\/www.spareis.ee\/en\/","title":{"rendered":"Homepage"},"content":{"rendered":"<section class=\"wpb-content-wrapper\"><p>[vc_row css=&#8221;.vc_custom_1438034445544{margin-bottom: 0px !important;}&#8221;][vc_column][vc_custom_heading text=&#8221;SPAREIS \u2013 TOUR OPERATOR IN P\u00c4RNU!&#8221; font_container=&#8221;tag:h2|font_size:40|text_align:center|line_height:1em&#8221; google_fonts=&#8221;font_family:Lato%3A100%2C100italic%2C300%2C300italic%2Cregular%2Citalic%2C700%2C700italic%2C900%2C900italic|font_style:900%20bold%20regular%3A900%3Anormal&#8221;][vc_separator color=&#8221;custom&#8221; border_width=&#8221;3&#8243; el_width=&#8221;50&#8243; accent_color=&#8221;#db9900&#8243;][vc_custom_heading text=&#8221;The mission is to offer the best opportunities to introduce P\u00e4rnu, a town famous for its spas. A long term experience in arranging tours for individual tourists and groups enables to provide diverse and flexible services. In addition to tours in P\u00e4rnu, it is possible to order guided tours in several languages, accommodation, transport service, catering and tailor-made tours in Estonia and to the neighbouring countries.&#8221; font_container=&#8221;tag:h3|font_size:22|text_align:center&#8221; google_fonts=&#8221;font_family:Droid%20Serif%3Aregular%2Citalic%2C700%2C700italic|font_style:400%20regular%3A400%3Anormal&#8221;][\/vc_column][\/vc_row]<\/p>\n<\/section>","protected":false},"excerpt":{"rendered":"<p>[vc_row css=&#8221;.vc_custom_1438034445544{margin-bottom: 0px !important;}&#8221;][vc_column][vc_custom_heading text=&#8221;SPAREIS \u2013 TOUR OPERATOR IN P\u00c4RNU!&#8221; font_container=&#8221;tag:h2|font_size:40|text_align:center|line_height:1em&#8221; google_fonts=&#8221;font_family:Lato%3A100%2C100italic%2C300%2C300italic%2Cregular%2Citalic%2C700%2C700italic%2C900%2C900italic|font_style:900%20bold%20regular%3A900%3Anormal&#8221;][vc_separator color=&#8221;custom&#8221; border_width=&#8221;3&#8243; el_width=&#8221;50&#8243; accent_color=&#8221;#db9900&#8243;][vc_custom_heading text=&#8221;The mission is to offer the best opportunities to introduce P\u00e4rnu, a town famous for its spas. A long term experience in arranging tours for individual tourists and groups enables to provide diverse and flexible services. In addition to [&hellip;]<\/p>\n","protected":false},"author":1,"featured_media":0,"parent":0,"menu_order":0,"comment_status":"closed","ping_status":"closed","template":"template-homepage-slider.php","meta":{"_mi_skip_tracking":false,"_monsterinsights_sitenote_active":false,"_monsterinsights_sitenote_note":"","_monsterinsights_sitenote_category":0,"footnotes":""},"yoast_head":"<!-- This site is optimized with the Yoast SEO plugin v21.5 - https:\/\/yoast.com\/wordpress\/plugins\/seo\/ -->\n<title>Homepage - SpaReis<\/title>\n<meta name=\"robots\" content=\"index, follow, max-snippet:-1, max-image-preview:large, max-video-preview:-1\" \/>\n<link rel=\"canonical\" href=\"https:\/\/www.spareis.ee\/en\/\" \/>\n<meta property=\"og:locale\" content=\"en_US\" \/>\n<meta property=\"og:type\" content=\"article\" \/>\n<meta property=\"og:title\" content=\"Homepage - SpaReis\" \/>\n<meta property=\"og:description\" content=\"[vc_row css=&#8221;.vc_custom_1438034445544{margin-bottom: 0px !important;}&#8221;][vc_column][vc_custom_heading text=&#8221;SPAREIS \u2013 TOUR OPERATOR IN P\u00c4RNU!&#8221; font_container=&#8221;tag:h2|font_size:40|text_align:center|line_height:1em&#8221; google_fonts=&#8221;font_family:Lato%3A100%2C100italic%2C300%2C300italic%2Cregular%2Citalic%2C700%2C700italic%2C900%2C900italic|font_style:900%20bold%20regular%3A900%3Anormal&#8221;][vc_separator color=&#8221;custom&#8221; border_width=&#8221;3&#8243; el_width=&#8221;50&#8243; accent_color=&#8221;#db9900&#8243;][vc_custom_heading text=&#8221;The mission is to offer the best opportunities to introduce P\u00e4rnu, a town famous for its spas. A long term experience in arranging tours for individual tourists and groups enables to provide diverse and flexible services. In addition to [&hellip;]\" \/>\n<meta property=\"og:url\" content=\"https:\/\/www.spareis.ee\/en\/\" \/>\n<meta property=\"og:site_name\" content=\"SpaReis\" \/>\n<meta property=\"article:modified_time\" content=\"2018-01-15T14:25:34+00:00\" \/>\n<meta name=\"twitter:card\" content=\"summary_large_image\" \/>\n<meta name=\"twitter:label1\" content=\"Est. reading time\" \/>\n\t<meta name=\"twitter:data1\" content=\"1 minute\" \/>\n<script type=\"application\/ld+json\" class=\"yoast-schema-graph\">{\"@context\":\"https:\/\/schema.org\",\"@graph\":[{\"@type\":\"WebPage\",\"@id\":\"https:\/\/www.spareis.ee\/en\/\",\"url\":\"https:\/\/www.spareis.ee\/en\/\",\"name\":\"Homepage - SpaReis\",\"isPartOf\":{\"@id\":\"https:\/\/www.spareis.ee\/#website\"},\"datePublished\":\"2017-12-11T11:38:30+00:00\",\"dateModified\":\"2018-01-15T14:25:34+00:00\",\"breadcrumb\":{\"@id\":\"https:\/\/www.spareis.ee\/en\/#breadcrumb\"},\"inLanguage\":\"en-US\",\"potentialAction\":[{\"@type\":\"ReadAction\",\"target\":[\"https:\/\/www.spareis.ee\/en\/\"]}]},{\"@type\":\"BreadcrumbList\",\"@id\":\"https:\/\/www.spareis.ee\/en\/#breadcrumb\",\"itemListElement\":[{\"@type\":\"ListItem\",\"position\":1,\"name\":\"Home\",\"item\":\"https:\/\/www.spareis.ee\/en\/\"},{\"@type\":\"ListItem\",\"position\":2,\"name\":\"Homepage\"}]},{\"@type\":\"WebSite\",\"@id\":\"https:\/\/www.spareis.ee\/#website\",\"url\":\"https:\/\/www.spareis.ee\/\",\"name\":\"SpaReis\",\"description\":\"SpaReis on P\u00e4rnu reisikorraldaja, mis viib l\u00e4bi ekskursioone peamiselt P\u00e4rnu linnas ja l\u00e4hi\u00fcmbruses. Meilt v\u00f5ib tellida transporti, majutust ja toitlustust.\",\"potentialAction\":[{\"@type\":\"SearchAction\",\"target\":{\"@type\":\"EntryPoint\",\"urlTemplate\":\"https:\/\/www.spareis.ee\/?s={search_term_string}\"},\"query-input\":\"required name=search_term_string\"}],\"inLanguage\":\"en-US\"}]}<\/script>\n<!-- \/ Yoast SEO plugin. -->","yoast_head_json":{"title":"Homepage - SpaReis","robots":{"index":"index","follow":"follow","max-snippet":"max-snippet:-1","max-image-preview":"max-image-preview:large","max-video-preview":"max-video-preview:-1"},"canonical":"https:\/\/www.spareis.ee\/en\/","og_locale":"en_US","og_type":"article","og_title":"Homepage - SpaReis","og_description":"[vc_row css=&#8221;.vc_custom_1438034445544{margin-bottom: 0px !important;}&#8221;][vc_column][vc_custom_heading text=&#8221;SPAREIS \u2013 TOUR OPERATOR IN P\u00c4RNU!&#8221; font_container=&#8221;tag:h2|font_size:40|text_align:center|line_height:1em&#8221; google_fonts=&#8221;font_family:Lato%3A100%2C100italic%2C300%2C300italic%2Cregular%2Citalic%2C700%2C700italic%2C900%2C900italic|font_style:900%20bold%20regular%3A900%3Anormal&#8221;][vc_separator color=&#8221;custom&#8221; border_width=&#8221;3&#8243; el_width=&#8221;50&#8243; accent_color=&#8221;#db9900&#8243;][vc_custom_heading text=&#8221;The mission is to offer the best opportunities to introduce P\u00e4rnu, a town famous for its spas. A long term experience in arranging tours for individual tourists and groups enables to provide diverse and flexible services. In addition to [&hellip;]","og_url":"https:\/\/www.spareis.ee\/en\/","og_site_name":"SpaReis","article_modified_time":"2018-01-15T14:25:34+00:00","twitter_card":"summary_large_image","twitter_misc":{"Est. reading time":"1 minute"},"schema":{"@context":"https:\/\/schema.org","@graph":[{"@type":"WebPage","@id":"https:\/\/www.spareis.ee\/en\/","url":"https:\/\/www.spareis.ee\/en\/","name":"Homepage - SpaReis","isPartOf":{"@id":"https:\/\/www.spareis.ee\/#website"},"datePublished":"2017-12-11T11:38:30+00:00","dateModified":"2018-01-15T14:25:34+00:00","breadcrumb":{"@id":"https:\/\/www.spareis.ee\/en\/#breadcrumb"},"inLanguage":"en-US","potentialAction":[{"@type":"ReadAction","target":["https:\/\/www.spareis.ee\/en\/"]}]},{"@type":"BreadcrumbList","@id":"https:\/\/www.spareis.ee\/en\/#breadcrumb","itemListElement":[{"@type":"ListItem","position":1,"name":"Home","item":"https:\/\/www.spareis.ee\/en\/"},{"@type":"ListItem","position":2,"name":"Homepage"}]},{"@type":"WebSite","@id":"https:\/\/www.spareis.ee\/#website","url":"https:\/\/www.spareis.ee\/","name":"SpaReis","description":"SpaReis on P\u00e4rnu reisikorraldaja, mis viib l\u00e4bi ekskursioone peamiselt P\u00e4rnu linnas ja l\u00e4hi\u00fcmbruses. Meilt v\u00f5ib tellida transporti, majutust ja toitlustust.","potentialAction":[{"@type":"SearchAction","target":{"@type":"EntryPoint","urlTemplate":"https:\/\/www.spareis.ee\/?s={search_term_string}"},"query-input":"required name=search_term_string"}],"inLanguage":"en-US"}]}},"_links":{"self":[{"href":"https:\/\/www.spareis.ee\/en\/wp-json\/wp\/v2\/pages\/74"}],"collection":[{"href":"https:\/\/www.spareis.ee\/en\/wp-json\/wp\/v2\/pages"}],"about":[{"href":"https:\/\/www.spareis.ee\/en\/wp-json\/wp\/v2\/types\/page"}],"author":[{"embeddable":true,"href":"https:\/\/www.spareis.ee\/en\/wp-json\/wp\/v2\/users\/1"}],"replies":[{"embeddable":true,"href":"https:\/\/www.spareis.ee\/en\/wp-json\/wp\/v2\/comments?post=74"}],"version-history":[{"count":9,"href":"https:\/\/www.spareis.ee\/en\/wp-json\/wp\/v2\/pages\/74\/revisions"}],"predecessor-version":[{"id":237,"href":"https:\/\/www.spareis.ee\/en\/wp-json\/wp\/v2\/pages\/74\/revisions\/237"}],"wp:attachment":[{"href":"https:\/\/www.spareis.ee\/en\/wp-json\/wp\/v2\/media?parent=74"}],"curies":[{"name":"wp","href":"https:\/\/api.w.org\/{rel}","templated":true}]}}